{"id":55,"date":"2016-09-02T09:46:03","date_gmt":"2016-09-02T07:46:03","guid":{"rendered":"http:\/\/ghazoot.se\/ghazootdesign\/?page_id=55"},"modified":"2018-02-08T12:04:07","modified_gmt":"2018-02-08T11:04:07","slug":"camaro","status":"publish","type":"page","link":"https:\/\/ghazoot.se\/ghazootdesign\/?page_id=55","title":{"rendered":"Camaro"},"content":{"rendered":"<h2 style=\"text-align: center;\">Camaro Z28 Sport Coup\u00e9<\/h2>\n<hr \/>\n<h4 style=\"text-align: left;\">Nypris= $21,485.00.<br \/>\nBestod av en 305 hp\/346 5.7 Liter RPO LS1 ( V-8 )<br \/>\noch\u00a0med en 4-stegs automat Turbohydramatic 4L60-E l\u00e5da som standard, m\u00e4tarpaket med 115 mph hastighetsm\u00e4tare),\u00a0de Carbon gasst\u00f6td\u00e4mpare och gr\u00f6vre kr\u00e4ngningsh\u00e4mmare fram\/bak, h\u00e5rdare fj\u00e4drar fram och bak, \u00f6kad caster,<br \/>\nABS skivbromsar och Torsen diffsp\u00e4rr. (Detta \u00e4r orginal, v\u00e5r \u00e4r liiite annat p\u00e5)<br \/>\nJusterbara luftd\u00e4pare bak, och Hal Shoch st\u00e4llbara oljefyllda d\u00e4mpare fram.<br \/>\n225\/40 18 d\u00e4ck fram, och 245\/40 18 bak.<br \/>\nCamaro cup vinge bak, kjolpaket runt om,\u00a0unik grill och \u201ddubbelt\u201d avgassystem,<br \/>\nhelr\u00f6da baklampor.<\/h4>\n<p style=\"text-align: center;\"><a href=\"http:\/\/ghazoot.se\/ghazootdesign\/wp-content\/uploads\/2016\/09\/camar_malingarna.jpg\" rel=\"lightbox[55]\"><img loading=\"lazy\" decoding=\"async\" class=\"aligncenter wp-image-129 size-large\" src=\"http:\/\/ghazoot.se\/ghazootdesign\/wp-content\/uploads\/2016\/09\/camar_malingarna-1024x683.jpg\" alt=\"camar_malingarna\" width=\"980\" height=\"654\" srcset=\"https:\/\/ghazoot.se\/ghazootdesign\/wp-content\/uploads\/2016\/09\/camar_malingarna-1024x683.jpg 1024w, https:\/\/ghazoot.se\/ghazootdesign\/wp-content\/uploads\/2016\/09\/camar_malingarna-300x200.jpg 300w, https:\/\/ghazoot.se\/ghazootdesign\/wp-content\/uploads\/2016\/09\/camar_malingarna-768x512.jpg 768w, https:\/\/ghazoot.se\/ghazootdesign\/wp-content\/uploads\/2016\/09\/camar_malingarna-210x140.jpg 210w, https:\/\/ghazoot.se\/ghazootdesign\/wp-content\/uploads\/2016\/09\/camar_malingarna.jpg 1200w\" sizes=\"auto, (max-width: 980px) 100vw, 980px\" \/><\/a><\/p>\n<p>&nbsp;<\/p>\n<p><iframe loading=\"lazy\" width=\"980\" height=\"551\" src=\"https:\/\/www.youtube.com\/embed\/PLPoH5edh3k?feature=oembed\" frameborder=\"0\" allow=\"autoplay; encrypted-media\" allowfullscreen><\/iframe><\/p>\n<h3 style=\"text-align: center;\">Camaro gen 4 driver Inger Gelius mot camaro gen 5 driver Leif St\u00e5l<\/h3>\n<hr \/>\n<p style=\"text-align: center;\"><a href=\"http:\/\/ghazoot.se\/ghazootdesign\/wp-content\/uploads\/2016\/09\/8307849975.jpg\" rel=\"lightbox[55]\"><img loading=\"lazy\" decoding=\"async\" class=\"alignnone wp-image-132 size-medium\" src=\"http:\/\/ghazoot.se\/ghazootdesign\/wp-content\/uploads\/2016\/09\/8307849975-300x200.jpg\" alt=\"8307849975\" width=\"300\" height=\"200\" srcset=\"https:\/\/ghazoot.se\/ghazootdesign\/wp-content\/uploads\/2016\/09\/8307849975-300x200.jpg 300w, https:\/\/ghazoot.se\/ghazootdesign\/wp-content\/uploads\/2016\/09\/8307849975-210x140.jpg 210w, https:\/\/ghazoot.se\/ghazootdesign\/wp-content\/uploads\/2016\/09\/8307849975.jpg 640w\" sizes=\"auto, (max-width: 300px) 100vw, 300px\" \/><\/a>\u00a0 <a href=\"http:\/\/ghazoot.se\/ghazootdesign\/wp-content\/uploads\/2016\/09\/camaro_bak.jpg\" rel=\"lightbox[55]\"><img loading=\"lazy\" decoding=\"async\" class=\"alignnone wp-image-156 size-medium\" src=\"http:\/\/ghazoot.se\/ghazootdesign\/wp-content\/uploads\/2016\/09\/camaro_bak-300x190.jpg\" alt=\"camaro_bak\" width=\"300\" height=\"190\" srcset=\"https:\/\/ghazoot.se\/ghazootdesign\/wp-content\/uploads\/2016\/09\/camaro_bak-300x190.jpg 300w, https:\/\/ghazoot.se\/ghazootdesign\/wp-content\/uploads\/2016\/09\/camaro_bak-768x487.jpg 768w, https:\/\/ghazoot.se\/ghazootdesign\/wp-content\/uploads\/2016\/09\/camaro_bak-210x133.jpg 210w, https:\/\/ghazoot.se\/ghazootdesign\/wp-content\/uploads\/2016\/09\/camaro_bak.jpg 800w\" sizes=\"auto, (max-width: 300px) 100vw, 300px\" \/><\/a><a href=\"http:\/\/ghazoot.se\/ghazootdesign\/wp-content\/uploads\/2016\/09\/gen4_1.jpg\" rel=\"lightbox[55]\"><img loading=\"lazy\" decoding=\"async\" class=\"alignnone wp-image-130 size-medium\" src=\"http:\/\/ghazoot.se\/ghazootdesign\/wp-content\/uploads\/2016\/09\/gen4_1-300x176.jpg\" alt=\"gen4_1\" width=\"300\" height=\"176\" srcset=\"https:\/\/ghazoot.se\/ghazootdesign\/wp-content\/uploads\/2016\/09\/gen4_1-300x176.jpg 300w, https:\/\/ghazoot.se\/ghazootdesign\/wp-content\/uploads\/2016\/09\/gen4_1-768x451.jpg 768w, https:\/\/ghazoot.se\/ghazootdesign\/wp-content\/uploads\/2016\/09\/gen4_1-210x123.jpg 210w, https:\/\/ghazoot.se\/ghazootdesign\/wp-content\/uploads\/2016\/09\/gen4_1.jpg 800w\" sizes=\"auto, (max-width: 300px) 100vw, 300px\" \/><\/a> \u00a0<a href=\"http:\/\/ghazoot.se\/ghazootdesign\/wp-content\/uploads\/2016\/09\/FB_IMG_1428586522103.jpg\" rel=\"lightbox[55]\"><img loading=\"lazy\" decoding=\"async\" class=\"alignnone wp-image-128 size-medium\" src=\"http:\/\/ghazoot.se\/ghazootdesign\/wp-content\/uploads\/2016\/09\/FB_IMG_1428586522103-300x181.jpg\" alt=\"fb_img_1428586522103\" width=\"300\" height=\"181\" srcset=\"https:\/\/ghazoot.se\/ghazootdesign\/wp-content\/uploads\/2016\/09\/FB_IMG_1428586522103-300x181.jpg 300w, https:\/\/ghazoot.se\/ghazootdesign\/wp-content\/uploads\/2016\/09\/FB_IMG_1428586522103-768x464.jpg 768w, https:\/\/ghazoot.se\/ghazootdesign\/wp-content\/uploads\/2016\/09\/FB_IMG_1428586522103-1024x619.jpg 1024w, https:\/\/ghazoot.se\/ghazootdesign\/wp-content\/uploads\/2016\/09\/FB_IMG_1428586522103-210x127.jpg 210w, https:\/\/ghazoot.se\/ghazootdesign\/wp-content\/uploads\/2016\/09\/FB_IMG_1428586522103.jpg 1191w\" sizes=\"auto, (max-width: 300px) 100vw, 300px\" \/><\/a> <a href=\"http:\/\/ghazoot.se\/ghazootdesign\/wp-content\/uploads\/2016\/09\/20160521_155515.jpg\" rel=\"lightbox[55]\"><img loading=\"lazy\" decoding=\"async\" class=\"alignleft wp-image-127 size-medium\" src=\"http:\/\/ghazoot.se\/ghazootdesign\/wp-content\/uploads\/2016\/09\/20160521_155515-300x169.jpg\" alt=\"20160521_155515\" width=\"300\" height=\"169\" srcset=\"https:\/\/ghazoot.se\/ghazootdesign\/wp-content\/uploads\/2016\/09\/20160521_155515-300x169.jpg 300w, https:\/\/ghazoot.se\/ghazootdesign\/wp-content\/uploads\/2016\/09\/20160521_155515-768x432.jpg 768w, https:\/\/ghazoot.se\/ghazootdesign\/wp-content\/uploads\/2016\/09\/20160521_155515-1024x576.jpg 1024w, https:\/\/ghazoot.se\/ghazootdesign\/wp-content\/uploads\/2016\/09\/20160521_155515-210x118.jpg 210w, https:\/\/ghazoot.se\/ghazootdesign\/wp-content\/uploads\/2016\/09\/20160521_155515-1536x864.jpg 1536w, https:\/\/ghazoot.se\/ghazootdesign\/wp-content\/uploads\/2016\/09\/20160521_155515-1960x1103.jpg 1960w\" sizes=\"auto, (max-width: 300px) 100vw, 300px\" \/><\/a><\/p>\n<p>&nbsp;<\/p>\n","protected":false},"excerpt":{"rendered":"<p>Camaro Z28 Sport Coup\u00e9 Nypris= $21,485.00. Bestod av en 305 hp\/346 5.7 Liter RPO LS1 ( V-8 ) och\u00a0med en 4-stegs automat Turbohydramatic 4L60-E l\u00e5da som standard, m\u00e4tarpaket med 115 mph hastighetsm\u00e4tare),\u00a0de Carbon gasst\u00f6td\u00e4mpare och gr\u00f6vre kr\u00e4ngningsh\u00e4mmare fram\/bak, h\u00e5rdare fj\u00e4drar fram och bak, \u00f6kad caster, ABS skivbromsar och Torsen diffsp\u00e4rr. (Detta \u00e4r orginal, v\u00e5r \u00e4r [&hellip;]<\/p>\n","protected":false},"author":1,"featured_media":0,"parent":0,"menu_order":0,"comment_status":"closed","ping_status":"closed","template":"","meta":{"footnotes":""},"class_list":["post-55","page","type-page","status-publish","hentry"],"_links":{"self":[{"href":"https:\/\/ghazoot.se\/ghazootdesign\/index.php?rest_route=\/wp\/v2\/pages\/55","targetHints":{"allow":["GET"]}}],"collection":[{"href":"https:\/\/ghazoot.se\/ghazootdesign\/index.php?rest_route=\/wp\/v2\/pages"}],"about":[{"href":"https:\/\/ghazoot.se\/ghazootdesign\/index.php?rest_route=\/wp\/v2\/types\/page"}],"author":[{"embeddable":true,"href":"https:\/\/ghazoot.se\/ghazootdesign\/index.php?rest_route=\/wp\/v2\/users\/1"}],"replies":[{"embeddable":true,"href":"https:\/\/ghazoot.se\/ghazootdesign\/index.php?rest_route=%2Fwp%2Fv2%2Fcomments&post=55"}],"version-history":[{"count":16,"href":"https:\/\/ghazoot.se\/ghazootdesign\/index.php?rest_route=\/wp\/v2\/pages\/55\/revisions"}],"predecessor-version":[{"id":795,"href":"https:\/\/ghazoot.se\/ghazootdesign\/index.php?rest_route=\/wp\/v2\/pages\/55\/revisions\/795"}],"wp:attachment":[{"href":"https:\/\/ghazoot.se\/ghazootdesign\/index.php?rest_route=%2Fwp%2Fv2%2Fmedia&parent=55"}],"curies":[{"name":"wp","href":"https:\/\/api.w.org\/{rel}","templated":true}]}}