{"id":598,"date":"2017-02-11T15:41:34","date_gmt":"2017-02-11T14:41:34","guid":{"rendered":"http:\/\/ghazoot.se\/ghazootdesign\/?page_id=598"},"modified":"2017-02-11T15:51:07","modified_gmt":"2017-02-11T14:51:07","slug":"branden","status":"publish","type":"page","link":"https:\/\/ghazoot.se\/ghazootdesign\/?page_id=598","title":{"rendered":"Branden"},"content":{"rendered":"<p>Den 1 maj 2005 brann v\u00e5r g\u00e5rd ner.<br \/>\nDet \u00e4r n\u00e5got som s\u00e5klart satt sina sp\u00e5r.<br \/>\nMen vi \u00e4r glada att ingen blev sv\u00e5rt skadad och alla \u00f6verlevde.<br \/>\n\u00c4ven v\u00e5ra katter.<\/p>\n<p><a href=\"http:\/\/ghazoot.se\/ghazootdesign\/wp-content\/uploads\/2017\/02\/hjul2.jpg\" rel=\"lightbox[598]\"><img loading=\"lazy\" decoding=\"async\" class=\"alignnone wp-image-525 size-full\" src=\"http:\/\/ghazoot.se\/ghazootdesign\/wp-content\/uploads\/2017\/02\/hjul2.jpg\" width=\"300\" height=\"177\" srcset=\"https:\/\/ghazoot.se\/ghazootdesign\/wp-content\/uploads\/2017\/02\/hjul2.jpg 300w, https:\/\/ghazoot.se\/ghazootdesign\/wp-content\/uploads\/2017\/02\/hjul2-210x124.jpg 210w\" sizes=\"auto, (max-width: 300px) 100vw, 300px\" \/><\/a><\/p>\n<p>Taget fr\u00e5n v\u00e4gen neranf\u00f6r oss<\/p>\n<p>&nbsp;<\/p>\n<figure id=\"attachment_523\" aria-describedby=\"caption-attachment-523\" style=\"width: 300px\" class=\"wp-caption alignnone\"><a href=\"http:\/\/ghazoot.se\/ghazootdesign\/wp-content\/uploads\/2017\/02\/hjul1.jpg\" rel=\"lightbox[598]\"><img loading=\"lazy\" decoding=\"async\" class=\"size-full wp-image-523\" src=\"http:\/\/ghazoot.se\/ghazootdesign\/wp-content\/uploads\/2017\/02\/hjul1.jpg\" alt=\"\" width=\"300\" height=\"225\" srcset=\"https:\/\/ghazoot.se\/ghazootdesign\/wp-content\/uploads\/2017\/02\/hjul1.jpg 300w, https:\/\/ghazoot.se\/ghazootdesign\/wp-content\/uploads\/2017\/02\/hjul1-210x158.jpg 210w\" sizes=\"auto, (max-width: 300px) 100vw, 300px\" \/><\/a><figcaption id=\"caption-attachment-523\" class=\"wp-caption-text\">Den superfina husvagnen&#8230;<\/figcaption><\/figure>\n<p>&nbsp;<\/p>\n<p><a href=\"http:\/\/ghazoot.se\/ghazootdesign\/wp-content\/uploads\/2017\/02\/743419.jpg\" rel=\"lightbox[598]\"><img loading=\"lazy\" decoding=\"async\" class=\"alignnone size-full wp-image-599\" src=\"http:\/\/ghazoot.se\/ghazootdesign\/wp-content\/uploads\/2017\/02\/743419.jpg\" alt=\"\" width=\"220\" height=\"157\" srcset=\"https:\/\/ghazoot.se\/ghazootdesign\/wp-content\/uploads\/2017\/02\/743419.jpg 220w, https:\/\/ghazoot.se\/ghazootdesign\/wp-content\/uploads\/2017\/02\/743419-210x150.jpg 210w\" sizes=\"auto, (max-width: 220px) 100vw, 220px\" \/><\/a><\/p>\n<p>Morgans bror Magnus var med och bek\u00e4mpade<br \/>\nbranden och var \u00e4ven den som ringde oss tidigt p\u00e5<br \/>\nmorgonen och ber\u00e4ttade att det brann.<\/p>\n<p><a href=\"http:\/\/ghazoot.se\/ghazootdesign\/wp-content\/uploads\/2017\/02\/hjul7-1.jpg\" rel=\"lightbox[598]\"><img loading=\"lazy\" decoding=\"async\" class=\"size-full wp-image-603\" src=\"http:\/\/ghazoot.se\/ghazootdesign\/wp-content\/uploads\/2017\/02\/hjul7-1.jpg\" alt=\"\" width=\"300\" height=\"225\" srcset=\"https:\/\/ghazoot.se\/ghazootdesign\/wp-content\/uploads\/2017\/02\/hjul7-1.jpg 300w, https:\/\/ghazoot.se\/ghazootdesign\/wp-content\/uploads\/2017\/02\/hjul7-1-210x158.jpg 210w\" sizes=\"auto, (max-width: 300px) 100vw, 300px\" \/><\/a><\/p>\n<p><a href=\"http:\/\/ghazoot.se\/ghazootdesign\/wp-content\/uploads\/2017\/02\/743654.jpg\" rel=\"lightbox[598]\"><img loading=\"lazy\" decoding=\"async\" class=\"alignnone size-full wp-image-600\" src=\"http:\/\/ghazoot.se\/ghazootdesign\/wp-content\/uploads\/2017\/02\/743654.jpg\" alt=\"\" width=\"360\" height=\"234\" srcset=\"https:\/\/ghazoot.se\/ghazootdesign\/wp-content\/uploads\/2017\/02\/743654.jpg 360w, https:\/\/ghazoot.se\/ghazootdesign\/wp-content\/uploads\/2017\/02\/743654-300x195.jpg 300w, https:\/\/ghazoot.se\/ghazootdesign\/wp-content\/uploads\/2017\/02\/743654-210x137.jpg 210w\" sizes=\"auto, (max-width: 360px) 100vw, 360px\" \/><br \/>\nC<\/a>hevabussen blev bara lite skadad i fronten, m\u00e4rkligt nog, men<br \/>\neftersom det var en hightop, s\u00e5 valde f\u00f6rs\u00e4kringsbolaget att l\u00f6sa in den.<\/p>\n<p>&nbsp;<\/p>\n<p><a href=\"http:\/\/ghazoot.se\/ghazootdesign\/wp-content\/uploads\/2017\/02\/hjulen6.jpg\" rel=\"lightbox[598]\"><img loading=\"lazy\" decoding=\"async\" class=\"size-full wp-image-602\" src=\"http:\/\/ghazoot.se\/ghazootdesign\/wp-content\/uploads\/2017\/02\/hjulen6.jpg\" alt=\"\" width=\"300\" height=\"448\" srcset=\"https:\/\/ghazoot.se\/ghazootdesign\/wp-content\/uploads\/2017\/02\/hjulen6.jpg 300w, https:\/\/ghazoot.se\/ghazootdesign\/wp-content\/uploads\/2017\/02\/hjulen6-201x300.jpg 201w, https:\/\/ghazoot.se\/ghazootdesign\/wp-content\/uploads\/2017\/02\/hjulen6-141x210.jpg 141w\" sizes=\"auto, (max-width: 300px) 100vw, 300px\" \/><\/a><\/p>\n<p>Peters rum d\u00e4r 4 personer sov n\u00e4r det b\u00f6rjade.<\/p>\n<p><a href=\"http:\/\/ghazoot.se\/ghazootdesign\/wp-content\/uploads\/2017\/02\/hjulback-1.jpg\" rel=\"lightbox[598]\"><img loading=\"lazy\" decoding=\"async\" class=\"alignnone size-full wp-image-601\" src=\"http:\/\/ghazoot.se\/ghazootdesign\/wp-content\/uploads\/2017\/02\/hjulback-1.jpg\" alt=\"\" width=\"300\" height=\"225\" srcset=\"https:\/\/ghazoot.se\/ghazootdesign\/wp-content\/uploads\/2017\/02\/hjulback-1.jpg 300w, https:\/\/ghazoot.se\/ghazootdesign\/wp-content\/uploads\/2017\/02\/hjulback-1-210x158.jpg 210w\" sizes=\"auto, (max-width: 300px) 100vw, 300px\" \/><\/a><\/p>\n<p><a href=\"http:\/\/ghazoot.se\/ghazootdesign\/wp-content\/uploads\/2017\/02\/brandvy2-1.jpg\" rel=\"lightbox[598]\"><img loading=\"lazy\" decoding=\"async\" class=\"alignnone wp-image-612 size-full\" src=\"http:\/\/ghazoot.se\/ghazootdesign\/wp-content\/uploads\/2017\/02\/brandvy2-1.jpg\" width=\"400\" height=\"300\" srcset=\"https:\/\/ghazoot.se\/ghazootdesign\/wp-content\/uploads\/2017\/02\/brandvy2-1.jpg 400w, https:\/\/ghazoot.se\/ghazootdesign\/wp-content\/uploads\/2017\/02\/brandvy2-1-300x225.jpg 300w, https:\/\/ghazoot.se\/ghazootdesign\/wp-content\/uploads\/2017\/02\/brandvy2-1-210x158.jpg 210w\" sizes=\"auto, (max-width: 400px) 100vw, 400px\" \/><br \/>\nS<\/a>\u00e5 h\u00e4r s\u00e5g det ut i 6 l\u00e5nga m\u00e5nader innan polisen sl\u00e4ppte avsp\u00e4rrningarna.<\/p>\n<p><a href=\"http:\/\/ghazoot.se\/ghazootdesign\/wp-content\/uploads\/2017\/02\/Bild24.jpg\" rel=\"lightbox[598]\"><img loading=\"lazy\" decoding=\"async\" class=\"alignnone size-full wp-image-611\" src=\"http:\/\/ghazoot.se\/ghazootdesign\/wp-content\/uploads\/2017\/02\/Bild24.jpg\" alt=\"\" width=\"320\" height=\"240\" srcset=\"https:\/\/ghazoot.se\/ghazootdesign\/wp-content\/uploads\/2017\/02\/Bild24.jpg 320w, https:\/\/ghazoot.se\/ghazootdesign\/wp-content\/uploads\/2017\/02\/Bild24-300x225.jpg 300w, https:\/\/ghazoot.se\/ghazootdesign\/wp-content\/uploads\/2017\/02\/Bild24-210x158.jpg 210w\" sizes=\"auto, (max-width: 320px) 100vw, 320px\" \/><\/a><\/p>\n<p><a href=\"http:\/\/ghazoot.se\/ghazootdesign\/wp-content\/uploads\/2017\/02\/Bild23.jpg\" rel=\"lightbox[598]\"><img loading=\"lazy\" decoding=\"async\" class=\"alignnone size-full wp-image-610\" src=\"http:\/\/ghazoot.se\/ghazootdesign\/wp-content\/uploads\/2017\/02\/Bild23.jpg\" alt=\"\" width=\"320\" height=\"240\" srcset=\"https:\/\/ghazoot.se\/ghazootdesign\/wp-content\/uploads\/2017\/02\/Bild23.jpg 320w, https:\/\/ghazoot.se\/ghazootdesign\/wp-content\/uploads\/2017\/02\/Bild23-300x225.jpg 300w, https:\/\/ghazoot.se\/ghazootdesign\/wp-content\/uploads\/2017\/02\/Bild23-210x158.jpg 210w\" sizes=\"auto, (max-width: 320px) 100vw, 320px\" \/><\/a><\/p>\n<p><a href=\"http:\/\/ghazoot.se\/ghazootdesign\/wp-content\/uploads\/2017\/02\/Bild21.jpg\" rel=\"lightbox[598]\"><img loading=\"lazy\" decoding=\"async\" class=\"alignnone size-full wp-image-609\" src=\"http:\/\/ghazoot.se\/ghazootdesign\/wp-content\/uploads\/2017\/02\/Bild21.jpg\" alt=\"\" width=\"320\" height=\"240\" srcset=\"https:\/\/ghazoot.se\/ghazootdesign\/wp-content\/uploads\/2017\/02\/Bild21.jpg 320w, https:\/\/ghazoot.se\/ghazootdesign\/wp-content\/uploads\/2017\/02\/Bild21-300x225.jpg 300w, https:\/\/ghazoot.se\/ghazootdesign\/wp-content\/uploads\/2017\/02\/Bild21-210x158.jpg 210w\" sizes=\"auto, (max-width: 320px) 100vw, 320px\" \/><\/a><\/p>\n<p><a href=\"http:\/\/ghazoot.se\/ghazootdesign\/wp-content\/uploads\/2017\/02\/Bild18-1.jpg\" rel=\"lightbox[598]\"><img loading=\"lazy\" decoding=\"async\" class=\"alignnone size-full wp-image-607\" src=\"http:\/\/ghazoot.se\/ghazootdesign\/wp-content\/uploads\/2017\/02\/Bild18-1.jpg\" alt=\"\" width=\"320\" height=\"240\" srcset=\"https:\/\/ghazoot.se\/ghazootdesign\/wp-content\/uploads\/2017\/02\/Bild18-1.jpg 320w, https:\/\/ghazoot.se\/ghazootdesign\/wp-content\/uploads\/2017\/02\/Bild18-1-300x225.jpg 300w, https:\/\/ghazoot.se\/ghazootdesign\/wp-content\/uploads\/2017\/02\/Bild18-1-210x158.jpg 210w\" sizes=\"auto, (max-width: 320px) 100vw, 320px\" \/><\/a><\/p>\n<p>&nbsp;<\/p>\n","protected":false},"excerpt":{"rendered":"<p>Den 1 maj 2005 brann v\u00e5r g\u00e5rd ner. Det \u00e4r n\u00e5got som s\u00e5klart satt sina sp\u00e5r. Men vi \u00e4r glada att ingen blev sv\u00e5rt skadad och alla \u00f6verlevde. \u00c4ven v\u00e5ra katter. Taget fr\u00e5n v\u00e4gen neranf\u00f6r oss &nbsp; &nbsp; Morgans bror Magnus var med och bek\u00e4mpade branden och var \u00e4ven den som ringde oss tidigt p\u00e5 [&hellip;]<\/p>\n","protected":false},"author":1,"featured_media":0,"parent":0,"menu_order":0,"comment_status":"closed","ping_status":"closed","template":"","meta":{"footnotes":""},"class_list":["post-598","page","type-page","status-publish","hentry"],"_links":{"self":[{"href":"https:\/\/ghazoot.se\/ghazootdesign\/index.php?rest_route=\/wp\/v2\/pages\/598","targetHints":{"allow":["GET"]}}],"collection":[{"href":"https:\/\/ghazoot.se\/ghazootdesign\/index.php?rest_route=\/wp\/v2\/pages"}],"about":[{"href":"https:\/\/ghazoot.se\/ghazootdesign\/index.php?rest_route=\/wp\/v2\/types\/page"}],"author":[{"embeddable":true,"href":"https:\/\/ghazoot.se\/ghazootdesign\/index.php?rest_route=\/wp\/v2\/users\/1"}],"replies":[{"embeddable":true,"href":"https:\/\/ghazoot.se\/ghazootdesign\/index.php?rest_route=%2Fwp%2Fv2%2Fcomments&post=598"}],"version-history":[{"count":3,"href":"https:\/\/ghazoot.se\/ghazootdesign\/index.php?rest_route=\/wp\/v2\/pages\/598\/revisions"}],"predecessor-version":[{"id":616,"href":"https:\/\/ghazoot.se\/ghazootdesign\/index.php?rest_route=\/wp\/v2\/pages\/598\/revisions\/616"}],"wp:attachment":[{"href":"https:\/\/ghazoot.se\/ghazootdesign\/index.php?rest_route=%2Fwp%2Fv2%2Fmedia&parent=598"}],"curies":[{"name":"wp","href":"https:\/\/api.w.org\/{rel}","templated":true}]}}