{"id":66,"date":"2016-09-02T09:48:39","date_gmt":"2016-09-02T07:48:39","guid":{"rendered":"http:\/\/ghazoot.se\/ghazootdesign\/?page_id=66"},"modified":"2020-03-23T16:20:43","modified_gmt":"2020-03-23T15:20:43","slug":"start","status":"publish","type":"page","link":"https:\/\/ghazoot.se\/ghazootdesign\/","title":{"rendered":"Start"},"content":{"rendered":"<h2><\/h2>\n<h2 style=\"text-align: center;\"><strong>En annorlunda sida..<\/strong><\/h2>\n<p><a href=\"http:\/\/ghazoot.se\/ghazootdesign\/wp-content\/uploads\/2019\/10\/IMG_9805.jpg\" rel=\"lightbox[66]\"><img loading=\"lazy\" decoding=\"async\" class=\"alignnone size-large wp-image-895\" src=\"http:\/\/ghazoot.se\/ghazootdesign\/wp-content\/uploads\/2019\/10\/IMG_9805-1024x683.jpg\" alt=\"\" width=\"980\" height=\"654\" srcset=\"https:\/\/ghazoot.se\/ghazootdesign\/wp-content\/uploads\/2019\/10\/IMG_9805-1024x683.jpg 1024w, https:\/\/ghazoot.se\/ghazootdesign\/wp-content\/uploads\/2019\/10\/IMG_9805-300x200.jpg 300w, https:\/\/ghazoot.se\/ghazootdesign\/wp-content\/uploads\/2019\/10\/IMG_9805-768x512.jpg 768w, https:\/\/ghazoot.se\/ghazootdesign\/wp-content\/uploads\/2019\/10\/IMG_9805-210x140.jpg 210w, https:\/\/ghazoot.se\/ghazootdesign\/wp-content\/uploads\/2019\/10\/IMG_9805-1536x1024.jpg 1536w, https:\/\/ghazoot.se\/ghazootdesign\/wp-content\/uploads\/2019\/10\/IMG_9805-1960x1307.jpg 1960w\" sizes=\"auto, (max-width: 980px) 100vw, 980px\" \/><\/a><\/p>\n<p style=\"text-align: center;\"><a href=\"http:\/\/ghazoot.se\/ghazootdesign\/wp-content\/uploads\/2018\/11\/inger_bysjon_nov_2018.jpg\" rel=\"lightbox[66]\"><img loading=\"lazy\" decoding=\"async\" class=\"alignnone size-large wp-image-855\" src=\"http:\/\/ghazoot.se\/ghazootdesign\/wp-content\/uploads\/2018\/11\/inger_bysjon_nov_2018-1024x683.jpg\" alt=\"\" width=\"980\" height=\"654\" srcset=\"https:\/\/ghazoot.se\/ghazootdesign\/wp-content\/uploads\/2018\/11\/inger_bysjon_nov_2018-1024x683.jpg 1024w, https:\/\/ghazoot.se\/ghazootdesign\/wp-content\/uploads\/2018\/11\/inger_bysjon_nov_2018-300x200.jpg 300w, https:\/\/ghazoot.se\/ghazootdesign\/wp-content\/uploads\/2018\/11\/inger_bysjon_nov_2018-768x512.jpg 768w, https:\/\/ghazoot.se\/ghazootdesign\/wp-content\/uploads\/2018\/11\/inger_bysjon_nov_2018-210x140.jpg 210w, https:\/\/ghazoot.se\/ghazootdesign\/wp-content\/uploads\/2018\/11\/inger_bysjon_nov_2018-1536x1024.jpg 1536w, https:\/\/ghazoot.se\/ghazootdesign\/wp-content\/uploads\/2018\/11\/inger_bysjon_nov_2018-1960x1307.jpg 1960w\" sizes=\"auto, (max-width: 980px) 100vw, 980px\" \/><\/a><\/p>\n<h2 style=\"text-align: center;\"><a href=\"http:\/\/ghazoot.se\/ghazootdesign\/wp-content\/uploads\/2018\/02\/eagle_nas_webb1.jpg\" rel=\"lightbox[66]\"><img loading=\"lazy\" decoding=\"async\" class=\"alignnone size-large wp-image-789\" src=\"http:\/\/ghazoot.se\/ghazootdesign\/wp-content\/uploads\/2018\/02\/eagle_nas_webb1-1024x666.jpg\" alt=\"\" width=\"980\" height=\"637\" srcset=\"https:\/\/ghazoot.se\/ghazootdesign\/wp-content\/uploads\/2018\/02\/eagle_nas_webb1-1024x666.jpg 1024w, https:\/\/ghazoot.se\/ghazootdesign\/wp-content\/uploads\/2018\/02\/eagle_nas_webb1-300x195.jpg 300w, https:\/\/ghazoot.se\/ghazootdesign\/wp-content\/uploads\/2018\/02\/eagle_nas_webb1-768x499.jpg 768w, https:\/\/ghazoot.se\/ghazootdesign\/wp-content\/uploads\/2018\/02\/eagle_nas_webb1-210x137.jpg 210w, https:\/\/ghazoot.se\/ghazootdesign\/wp-content\/uploads\/2018\/02\/eagle_nas_webb1.jpg 1144w\" sizes=\"auto, (max-width: 980px) 100vw, 980px\" \/><\/a><\/h2>\n<h4 style=\"text-align: center;\">Kungs\u00f6rn I N\u00e5s<\/h4>\n<h2 style=\"text-align: center;\"><a href=\"http:\/\/ghazoot.se\/ghazootdesign\/wp-content\/uploads\/2017\/05\/moon7.jpg\" rel=\"lightbox[66]\"><img loading=\"lazy\" decoding=\"async\" class=\"alignnone wp-image-735 size-large\" src=\"http:\/\/ghazoot.se\/ghazootdesign\/wp-content\/uploads\/2017\/05\/moon7-1024x777.jpg\" alt=\"\" width=\"980\" height=\"744\" srcset=\"https:\/\/ghazoot.se\/ghazootdesign\/wp-content\/uploads\/2017\/05\/moon7-1024x777.jpg 1024w, https:\/\/ghazoot.se\/ghazootdesign\/wp-content\/uploads\/2017\/05\/moon7-300x228.jpg 300w, https:\/\/ghazoot.se\/ghazootdesign\/wp-content\/uploads\/2017\/05\/moon7-768x583.jpg 768w, https:\/\/ghazoot.se\/ghazootdesign\/wp-content\/uploads\/2017\/05\/moon7-210x159.jpg 210w, https:\/\/ghazoot.se\/ghazootdesign\/wp-content\/uploads\/2017\/05\/moon7.jpg 1200w\" sizes=\"auto, (max-width: 980px) 100vw, 980px\" \/><\/a><\/h2>\n<h2 style=\"text-align: center;\"><\/h2>\n<p style=\"text-align: center;\"><img loading=\"lazy\" decoding=\"async\" class=\"alignnone wp-image-128 size-large\" src=\"http:\/\/ghazoot.se\/ghazootdesign\/wp-content\/uploads\/2016\/09\/FB_IMG_1428586522103-1024x619.jpg\" alt=\"fb_img_1428586522103\" width=\"980\" height=\"592\" srcset=\"https:\/\/ghazoot.se\/ghazootdesign\/wp-content\/uploads\/2016\/09\/FB_IMG_1428586522103-1024x619.jpg 1024w, https:\/\/ghazoot.se\/ghazootdesign\/wp-content\/uploads\/2016\/09\/FB_IMG_1428586522103-300x181.jpg 300w, https:\/\/ghazoot.se\/ghazootdesign\/wp-content\/uploads\/2016\/09\/FB_IMG_1428586522103-768x464.jpg 768w, https:\/\/ghazoot.se\/ghazootdesign\/wp-content\/uploads\/2016\/09\/FB_IMG_1428586522103-210x127.jpg 210w, https:\/\/ghazoot.se\/ghazootdesign\/wp-content\/uploads\/2016\/09\/FB_IMG_1428586522103.jpg 1191w\" sizes=\"auto, (max-width: 980px) 100vw, 980px\" \/><\/p>\n<h4 style=\"text-align: center;\">En sida med foton och lite andra intressen jag har.<br \/>\nAlla foton \u00e4r tagna av mig annars \u00e4r det angivet.<\/h4>\n","protected":false},"excerpt":{"rendered":"<p>En annorlunda sida.. Kungs\u00f6rn I N\u00e5s En sida med foton och lite andra intressen jag har. Alla foton \u00e4r tagna av mig annars \u00e4r det angivet.<\/p>\n","protected":false},"author":1,"featured_media":0,"parent":0,"menu_order":0,"comment_status":"closed","ping_status":"closed","template":"","meta":{"footnotes":""},"class_list":["post-66","page","type-page","status-publish","hentry"],"_links":{"self":[{"href":"https:\/\/ghazoot.se\/ghazootdesign\/index.php?rest_route=\/wp\/v2\/pages\/66","targetHints":{"allow":["GET"]}}],"collection":[{"href":"https:\/\/ghazoot.se\/ghazootdesign\/index.php?rest_route=\/wp\/v2\/pages"}],"about":[{"href":"https:\/\/ghazoot.se\/ghazootdesign\/index.php?rest_route=\/wp\/v2\/types\/page"}],"author":[{"embeddable":true,"href":"https:\/\/ghazoot.se\/ghazootdesign\/index.php?rest_route=\/wp\/v2\/users\/1"}],"replies":[{"embeddable":true,"href":"https:\/\/ghazoot.se\/ghazootdesign\/index.php?rest_route=%2Fwp%2Fv2%2Fcomments&post=66"}],"version-history":[{"count":15,"href":"https:\/\/ghazoot.se\/ghazootdesign\/index.php?rest_route=\/wp\/v2\/pages\/66\/revisions"}],"predecessor-version":[{"id":973,"href":"https:\/\/ghazoot.se\/ghazootdesign\/index.php?rest_route=\/wp\/v2\/pages\/66\/revisions\/973"}],"wp:attachment":[{"href":"https:\/\/ghazoot.se\/ghazootdesign\/index.php?rest_route=%2Fwp%2Fv2%2Fmedia&parent=66"}],"curies":[{"name":"wp","href":"https:\/\/api.w.org\/{rel}","templated":true}]}}