{"id":207,"date":"2014-02-07T15:23:57","date_gmt":"2014-02-07T14:23:57","guid":{"rendered":"http:\/\/ghazoot.se\/wp\/wordpress\/?page_id=207"},"modified":"2015-04-10T14:31:10","modified_gmt":"2015-04-10T12:31:10","slug":"faraohund","status":"publish","type":"page","link":"https:\/\/ghazoot.se\/?page_id=207","title":{"rendered":"Faraohund"},"content":{"rendered":"<table border=\"0\">\n<tbody>\n<tr>\n<td style=\"text-align: left;\">\n<h4><strong><img loading=\"lazy\" decoding=\"async\" class=\"size-full wp-image-452 aligncenter\" src=\"http:\/\/ghazoot.se\/wp-content\/uploads\/2014\/02\/sv_kn.gif\" alt=\"sv_kn\" width=\"36\" height=\"20\" \/><\/strong><\/h4>\n<h4>Hemland: \u00a0\u00a0\u00a0\u00a0\u00a0\u00a0\u00a0\u00a0\u00a0\u00a0\u00a0 Malta (Storbritannien)<br \/>\nBAKGRUND\/\u00c4NDAM\u00c5L:<br \/>\nFaraohund finns avbildad i egyptiska gravar<br \/>\nfr\u00e5n ca 2000 f Kr och finns omtalad i skrifter<br \/>\nmed \u00e4nnu \u00e4ldre ursprung.<br \/>\nRasen utvecklades p\u00e5 \u00f6arna Malta,<br \/>\nSicilien och Goza i Medelhavet och genom<br \/>\ndenna isolering kom typen att bevaras<br \/>\noch konsolideras.<br \/>\nFaraohunden \u00e4r en hetsjakthund, som jagar<br \/>\nmed syn-, lukt- och h\u00f6rselsinnet.<br \/>\nGasell, hare och kanin var det vanligaste bytet,<br \/>\nmen \u00e4ven andra villebr\u00e5d jagades.<br \/>\nP\u00e5 1920-talet importerades faraohund till<br \/>\nEngland<br \/>\noch p\u00e5 1960-talet var den etablerad och har<br \/>\nsedan spritts till omv\u00e4rlden.\u00a0Faraohund \u00e4r en<br \/>\nsnabbfotad, elegant och trevlig familjehund.<\/h4>\n<h4>HELHETSINTRYCK:\u00a0Faraohunden \u00e4r en medelstor,<br \/>\n\u00e4del hund med torra, rena linjer, elegant\u00a0men<br \/>\n\u00e4nd\u00e5 kraftfull. Den \u00e4r en ivrig j\u00e4gare och anv\u00e4nder<br \/>\ns\u00e5v\u00e4l lukt-\u00a0som synsinnet och i p\u00e5fallande<br \/>\nutstr\u00e4ckning sina stora \u00f6ron d\u00e5 den\u00a0n\u00e4rmar sig villebr\u00e5d. Den \u00e4r livlig, intelligent, v\u00e4nlig, tillgiven och lekfull.<\/h4>\n<h4>HUVUD:\u00a0Skallen skall vara l\u00e5ng, torr och v\u00e4l utmejslad. Nospartiet skall vara n\u00e5got l\u00e4ngre \u00e4n skallen och stopet obetydligt. Hj\u00e4ssan och nosryggen skall vara parallella.<br \/>\nHela huvudet skall se ut som en trubbig kil<br \/>\nd\u00e5 man ser det uppifr\u00e5n eller fr\u00e5n sidan. Nosspegeln skall alltid vara k\u00f6ttf\u00e4rgad och harmoniera v\u00e4l med p\u00e4lsf\u00e4rgen.<\/h4>\n<h4>\u00d6GON:\u00a0\u00d6gonen skall vara ovala, m\u00e5ttligt djupliggande, b\u00e4rnstensf\u00e4rgade och harmoniera v\u00e4l med p\u00e4lsf\u00e4rgen. Uttrycket skall vara livligt<br \/>\noch intelligent.<\/h4>\n<h4>\u00d6RON:\u00a0\u00d6ronen skall vara medelh\u00f6gt ansatta och burna uppr\u00e4ttst\u00e5ende d\u00e5 hunden lystrar. De skall vara breda vid basen, mycket r\u00f6rliga, tunna och\u00a0stora.<\/h4>\n<h4>BETT:\u00a0Saxbett med kraftiga k\u00e4kar och starka t\u00e4nder. HALS: Halsen skall vara l\u00e5ng, smal, torr, muskul\u00f6s och l\u00e4tt v\u00e4lvd.<\/h4>\n<h4>KROPP:\u00a0Kroppen skall vara smidig med n\u00e4stan<br \/>\nrak rygglinje och aningen sluttande\u00a0kors. Br\u00f6stkorgen skall vara djup och n\u00e5 till<br \/>\narmb\u00e5garna samt med v\u00e4l v\u00e4lvda revben. Buklinjen skall vara m\u00e5ttligt uppdragen.<br \/>\nKroppens l\u00e4ngd fr\u00e5n br\u00f6stbensknappen till sittbenskn\u00f6len skall vara n\u00e5got st\u00f6rre \u00e4n mankh\u00f6jden.<\/h4>\n<h4>FRAM- OCH BAKBEN:\u00a0Skuldrorna skall vara l\u00e5nga, starka och v\u00e4l tillbakalagda. Frambenen\u00a0skall<br \/>\nvara raka och parallella, armb\u00e5garna skall sluta<br \/>\nv\u00e4l mot kroppen och mellanh\u00e4nderna starka. Bakbenen skall vara starka och muskul\u00f6sa med normala vinklar i kn\u00e4- och hasled och med v\u00e4l utvecklade underben. Bakbenen skall, sedda bakifr\u00e5n vara parallella.<\/h4>\n<h4>TASSAR:\u00a0Tassarna skall vara starka, v\u00e4l slutna och fasta samt vara riktade fram\u00e5t och f\u00f6rsedda med kraftiga trampdynor. Sporrar f\u00e5r avl\u00e4gsnas.<\/h4>\n<h4>SVANS:\u00a0Svansen skall vara medelh\u00f6gt ansatt, ganska tjock vid roten och avsmalnande (som en piska) samt i vilol\u00e4ge n\u00e5 strax nedanf\u00f6r hasleden. Den skall b\u00e4ras h\u00f6gt och upp\u00e5tb\u00f6jd d\u00e5 hunden<br \/>\n\u00e4r i r\u00f6relse. Svansen skall inte b\u00e4ras mellan<br \/>\nbenen. Spiralformad svans \u00e4r inte \u00f6nskv\u00e4rt.<\/h4>\n<h4>R\u00d6RELSER:\u00a0R\u00f6relserna skall vara fria och flytande med huvudet ganska h\u00f6gt buret. Hunden skall t\u00e4cka mycket mark utan p\u00e5taglig anstr\u00e4ngning.<br \/>\nBen och\u00a0tassar skall f\u00f6ras fram i linje med kroppen. All tendens att vrida\u00a0\u00a0tassarna ut\u00e5t<br \/>\nliksom h\u00f6ga frambensr\u00f6relser (s k hackneyr\u00f6relser) \u00e4r felaktigt.<\/h4>\n<h4>P\u00c4LS:\u00a0Kort och gl\u00e4nsande, varierande fr\u00e5n fin och \u00e5tliggande till ganska str\u00e4v, och utan fanor.<\/h4>\n<h4>F\u00c4RG:\u00a0R\u00f6dbrun (tan) eller m\u00f6rkt r\u00f6dbrun med<br \/>\nvita tecken till\u00e5tna enligt\u00a0f\u00f6ljande: Vit svansspets (mycket \u00f6nskv\u00e4rt) Vitt p\u00e5 br\u00f6stet (s k stj\u00e4rna)\u00a0 Vitt p\u00e5 t\u00e5rna. Smal, vit bl\u00e4s l\u00e4ngs ansiktets mittlinje. Vita tecken p\u00e5 andra st\u00e4llen \u00e4n vad som angivits<br \/>\n\u00e4r inte \u00f6nskv\u00e4rda.<\/h4>\n<h4>MANKH\u00d6JD:\u00a0Hanhund idealh\u00f6jd 56 cm (56-63 cm) Tik idealh\u00f6jd 53 cm (53-61 cm<\/h4>\n<h4>FEL:\u00a0Varje avvikelse fr\u00e5n standarden \u00e4r fel och<br \/>\nskall bed\u00f6mas i f\u00f6rh\u00e5llande till graden av avvikelse.<\/h4>\n<h4>TESTIKLAR:\u00a0Hos hanhundar m\u00e5ste b\u00e5da<br \/>\ntestiklarna vara fullt utvecklade och normalt bel\u00e4gna i pungen.<\/h4>\n<h4>KC 1986 \u00a0\u00a0\u00a0\u00a0\u00a0\u00a0\u00a0\u00a0\u00a0\u00a0\u00a0 FCI 248b \u00a0\u00a0\u00a0\u00a0\u00a0\u00a0\u00a0\u00a0\u00a0\u00a0\u00a0 SVENSKA KENNELKLUBBEN \u00a0\u00a0\u00a0\u00a0\u00a0\u00a0\u00a0\u00a0\u00a0\u00a0\u00a0 1991-06-14 e.\u00e4.<\/h4>\n<h4>Svenska Faraohundklubbens kommentarer till standarden f\u00f6r faraohund.<\/h4>\n<h4>Huvud:\u00a0Viktigt att hj\u00e4ssan \u00e4r parallell med n\u00e4sryggen. Huvudet skall vara v\u00e4l utmejslat, men inte snipigt.<\/h4>\n<h4>\u00d6gon:\u00a0\u00d6gonf\u00e4rgen m\u00f6rknar l\u00e5ngsamt fram till ca 4 \u00e5rs \u00e5lder.<\/h4>\n<h4>\u00d6ron:\u00a0R\u00f6rliga \u00f6ron betonas. Viktigt \u00e4r att hunden kan f\u00e5 upp sina \u00f6ron,\u00a0men de beh\u00f6ver inte vara resta hela tiden. I korrekt upprest tillst\u00e5nd visar \u00f6ronen mellan &#8221;tio i tv\u00e5&#8221; och &#8221;fem i ett&#8221;. \u00d6ronens toppar skall vara aningen rundade.<\/h4>\n<h4>Bett:\u00a0Skall vara fulltandat.<\/h4>\n<h4>Fram- och bakben:\u00a0Mellanhanden skall vara stark, men ej stel och spikrak utan elastisk och sviktande. Kn\u00e4vinkel skall vara m\u00e5ttlig, ca 110\u00b0.<\/h4>\n<h4>Tassar:\u00a0 V\u00e4l slutna, varken katt- eller hartass.<\/h4>\n<h4>Svans:\u00a0Skall i r\u00f6relse vara en naturlig forts\u00e4ttning p\u00e5 rygglinjen, med en\u00a0mjuk b\u00f6j. Den f\u00e5r inte nudda ryggen och ej vara f\u00f6r h\u00f6gt ansatt. I st\u00e5ende h\u00e5lls svansen h\u00e4ngande. Inga fanor.<\/h4>\n<h4>P\u00e4ls:\u00a0Med ganska str\u00e4v p\u00e4ls avses aningen str\u00e4vare \u00e4n den riktigt korta p\u00e4lsen, men fortfarande r\u00e4tt kort och utan fanor.<\/h4>\n<h4>P\u00e4lsf\u00e4rg:\u00a0Den r\u00f6da f\u00e4rgen varierar fr\u00e5n vetef\u00e4rgat till mahogny. R\u00f6d ton skall alltid finnas.<\/h4>\n<h4>Mankh\u00f6jd:\u00a0Enligt uppf\u00f6dare v\u00e4rlden \u00f6ver \u00e4r den r\u00e4tta idealh\u00f6jden 56-63 cm f\u00f6r hanhundar och 53-61 cm f\u00f6r tikar. I faraohundens &#8221;ursprungsland&#8221; Malta f\u00f6rekommer b\u00e5de mindre och st\u00f6rre individer. Det stora flertalet torde dock h\u00e5lla sig inom de ovan angivna idealgr\u00e4nserna.\u00a0\u00a0\u00a0\u00a0\u00a0\u00a0\u00a0\u00a0\u00a0\u00a0\u00a0\u00a0 Helhet och balans \u00e4r det som uppf\u00f6dare av rasen arbetar efter, d v\u00a0s allm\u00e4n balans m\u00e5ste bibeh\u00e5llas.<\/h4>\n<h4>K\u00f6nspr\u00e4gel:\u00a0Mycket viktigt!<\/h4>\n<\/td>\n<td>\n<h4><img loading=\"lazy\" decoding=\"async\" class=\"alignnone size-full wp-image-1576\" src=\"http:\/\/ghazoot.se\/wp-content\/uploads\/2014\/02\/eng_kn.gif\" alt=\"eng_kn\" width=\"38\" height=\"20\" \/><\/h4>\n<h4 style=\"padding-left: 30px;\" align=\"left\">Home country: \u00a0\u00a0\u00a0\u00a0\u00a0\u00a0\u00a0\u00a0\u00a0\u00a0\u00a0 Malta (Great Brittania)<br \/>\nThe Pharaoh Hound originated in ancient Egypt. It is thought to have been brought from Egypt by the Phoenicians when they settled on the Mediterranean islands of Malta and Gozo. The Pharaoh Hounds have existed there for over 2000 years. In Malta\u00a0\u00a0\u00a0\u00a0\u00a0\u00a0\u00a0\u00a0\u00a0\u00a0\u00a0\u00a0 they are bred for rabbit hunting and are the national dog of Malta.<\/h4>\n<hr align=\"left\" \/>\n<h4 style=\"padding-left: 30px;\" align=\"left\">Breed Standard General Appearance:\u00a0\u00a0\u00a0\u00a0\u00a0\u00a0\u00a0\u00a0\u00a0\u00a0\u00a0 Medium-sized, of noble bearing with clean-cut lines. Graceful yet powerful. Very fast with free, easy movement and alert expression.Characteristics:\u00a0 An alert keen hunter, hunting by scent and sight using it&#8217;s ears to a marked degree when working close.Temperament:\u00a0Alert, intelligent, friendly, affectionate and playful.<\/h4>\n<h4 style=\"text-align: left; padding-left: 30px;\">Head and Skull:\u00a0Skull long, lean and well chiselled. Foreface slightly longer than\u00a0skull. Only slight stop. Top of skull parallel with foreface, whole head representing a blunt wedge when viewed in profile and from above.<\/h4>\n<h4 style=\"text-align: left; padding-left: 30px;\">Eyes:\u00a0Amber-coloured, blending with the coat; oval, moderately deep-set, \u00a0with keen, intelligent expression.<\/h4>\n<h4 style=\"text-align: left; padding-left: 30px;\">Ears:\u00a0Medium high set; carried erect when alert, but very mobile; broad\u00a0at base, fine and large.<\/h4>\n<h4 style=\"text-align: left; padding-left: 30px;\">Mouth:\u00a0 Powerful jaws with strong teeth. Scissor bite, i.e. upper teeth closely\u00a0overlapping lower teeth and set square to the jaws.<\/h4>\n<h4 style=\"text-align: left; padding-left: 30px;\">Nose:\u00a0Flesh-coloured only, blending with coat.<\/h4>\n<h4 style=\"text-align: left; padding-left: 30px;\">Neck:\u00a0Long, lean, muscular and slightly arched. Clean throat line.<\/h4>\n<h4 style=\"text-align: left; padding-left: 30px;\">Forequarters:\u00a0Shoulders strong, long and well laid back. Forelegs straight and powerful. Elbows well tucked in. Pasterns strong.<\/h4>\n<h4 style=\"text-align: left; padding-left: 30px;\">Body:\u00a0Lithe with almost straight topline. Slight slope down from croup to root of tail. Deep brisket extending down to point of elbow. Ribs well sprung. Moderate cut up. Length of body from breast to haunch bone slightly longer than haight at withers.<\/h4>\n<h4 style=\"text-align: left; padding-left: 30px;\">Hindquarters:\u00a0Strong and muscular. Moderate bend of stifle. Well developed second thigh. Limbs parallel when viewed from behind.<\/h4>\n<h4 style=\"text-align: left; padding-left: 30px;\">Feet:\u00a0Strong, well knuckled and firm, turning neither in nor out. Paws well padded. Dewclaws may be removed.<\/h4>\n<h4 style=\"text-align: left; padding-left: 30px;\">Tail:\u00a0Medium set &#8211; fairly thick at the base and tapering (whip-like), reaching just below the point of hock in repose. Carried high and curved when\u00a0dog is in action. Tail should not be tucked between the legs. A screw tail is undesirable.<\/h4>\n<h4 style=\"text-align: left; padding-left: 30px;\">Gait\/Movement:\u00a0Free and flowing; head held fairly high and dog should cover the ground\u00a0with no apparent effort. Legs and feet should move in line with the body; any tendancy to throw feet sideways, or high stepping &#8217;hackney&#8217;\u00a0\u00a0\u00a0\u00a0\u00a0\u00a0\u00a0\u00a0\u00a0\u00a0\u00a0\u00a0 action highly undesirable.<\/h4>\n<h4 style=\"text-align: left; padding-left: 30px;\">Coat:\u00a0Short and glossy, ranging from fine and close to slightly harsh; no feathering.<\/h4>\n<h4 style=\"text-align: left; padding-left: 30px;\">Colour:\u00a0Tan or rich tan with white markings allowed as follows: white tip on tail strongly desired. White on chest (called &#8217;The Star&#8217;). White on toes. Slim white blaze on centre line of face permissible. Flecking or white other than above undesirable.<\/h4>\n<h4 style=\"text-align: left; padding-left: 30px;\">Size:\u00a0Height: dogs: ideally 56 cms ( 22 &#8211; 25 ins); bitches: ideally 53 cms (21 &#8211; 24 ins).<\/h4>\n<h4 style=\"text-align: left; padding-left: 30px;\">Faults:\u00a0Any departure from the foregoing points should be considered a fault and the seriousness with which the fault should be regarded should be in exact proportion to it&#8217;s degree.<\/h4>\n<h4 style=\"padding-left: 30px; text-align: left;\">Note:\u00a0Male animals should have two apparently normal testicles fully descended into the scotum.<\/h4>\n<\/td>\n<\/tr>\n<\/tbody>\n<\/table>\n<h4 style=\"text-align: center;\"><\/h4>\n","protected":false},"excerpt":{"rendered":"<p>Hemland: \u00a0\u00a0\u00a0\u00a0\u00a0\u00a0\u00a0\u00a0\u00a0\u00a0\u00a0 Malta (Storbritannien) BAKGRUND\/\u00c4NDAM\u00c5L: Faraohund finns avbildad i egyptiska gravar fr\u00e5n ca 2000 f Kr och finns omtalad i skrifter med \u00e4nnu \u00e4ldre ursprung. Rasen utvecklades p\u00e5 \u00f6arna Malta, Sicilien och Goza i Medelhavet och genom denna isolering kom typen att bevaras och konsolideras. Faraohunden \u00e4r en hetsjakthund, som jagar med syn-, lukt- och [&hellip;]<\/p>\n","protected":false},"author":1,"featured_media":0,"parent":70,"menu_order":2,"comment_status":"closed","ping_status":"closed","template":"","meta":{"footnotes":""},"class_list":["post-207","page","type-page","status-publish","hentry"],"_links":{"self":[{"href":"https:\/\/ghazoot.se\/index.php?rest_route=\/wp\/v2\/pages\/207","targetHints":{"allow":["GET"]}}],"collection":[{"href":"https:\/\/ghazoot.se\/index.php?rest_route=\/wp\/v2\/pages"}],"about":[{"href":"https:\/\/ghazoot.se\/index.php?rest_route=\/wp\/v2\/types\/page"}],"author":[{"embeddable":true,"href":"https:\/\/ghazoot.se\/index.php?rest_route=\/wp\/v2\/users\/1"}],"replies":[{"embeddable":true,"href":"https:\/\/ghazoot.se\/index.php?rest_route=%2Fwp%2Fv2%2Fcomments&post=207"}],"version-history":[{"count":14,"href":"https:\/\/ghazoot.se\/index.php?rest_route=\/wp\/v2\/pages\/207\/revisions"}],"predecessor-version":[{"id":4033,"href":"https:\/\/ghazoot.se\/index.php?rest_route=\/wp\/v2\/pages\/207\/revisions\/4033"}],"up":[{"embeddable":true,"href":"https:\/\/ghazoot.se\/index.php?rest_route=\/wp\/v2\/pages\/70"}],"wp:attachment":[{"href":"https:\/\/ghazoot.se\/index.php?rest_route=%2Fwp%2Fv2%2Fmedia&parent=207"}],"curies":[{"name":"wp","href":"https:\/\/api.w.org\/{rel}","templated":true}]}}