{"id":3330,"date":"2014-07-08T08:59:22","date_gmt":"2014-07-08T06:59:22","guid":{"rendered":"http:\/\/ghazoot.se\/?page_id=3330"},"modified":"2015-09-06T15:16:56","modified_gmt":"2015-09-06T13:16:56","slug":"nyheter-2014","status":"publish","type":"page","link":"https:\/\/ghazoot.se\/?page_id=3330","title":{"rendered":"Nyheter 2014"},"content":{"rendered":"<p style=\"text-align: center;\"><span style=\"color: #888888;\">2014 \u00e5rs nyheter<br \/>\n( f\u00f6r andra \u00e5r, klicka i menyn!)<\/span><\/p>\n<hr \/>\n<h4 style=\"text-align: center;\"><img loading=\"lazy\" decoding=\"async\" class=\" wp-image-1236 size-full alignnone\" src=\"http:\/\/ghazoot.se\/wp-content\/uploads\/2014\/03\/blinkstern1.gif\" alt=\"blinkstern1\" width=\"32\" height=\"32\" \/>\u00a0 \u00a0WW-14 SE Uch NO Uch FIN Uch NORD Uch C.I.B.* \u00a0\u00a0<img loading=\"lazy\" decoding=\"async\" class=\" wp-image-1236 size-full alignnone\" src=\"http:\/\/ghazoot.se\/wp-content\/uploads\/2014\/03\/blinkstern1.gif\" alt=\"blinkstern1\" width=\"32\" height=\"32\" \/><br \/>\nSE W-14 No V-12 Nord V-11 -13 FIN\u00a0V-13 Helsingfors V-13<\/h4>\n<h4 style=\"text-align: center;\">\u00a0Ghazoot Baqiir<br \/>\nended up as topwinning sloughi in Sweden 2014<a href=\"http:\/\/ghazoot.se\/wp-content\/uploads\/2014\/02\/tammsvik_13_bir_baqiir.jpg\"><img loading=\"lazy\" decoding=\"async\" class=\"aligncenter wp-image-3236 size-medium\" src=\"http:\/\/ghazoot.se\/wp-content\/uploads\/2014\/02\/tammsvik_13_bir_baqiir-300x243.jpg\" alt=\"tammsvik_13_bir_baqiir\" width=\"300\" height=\"243\" srcset=\"https:\/\/ghazoot.se\/wp-content\/uploads\/2014\/02\/tammsvik_13_bir_baqiir-300x243.jpg 300w, https:\/\/ghazoot.se\/wp-content\/uploads\/2014\/02\/tammsvik_13_bir_baqiir.jpg 575w\" sizes=\"auto, (max-width: 300px) 100vw, 300px\" \/><\/a><\/h4>\n<hr \/>\n<h3 style=\"text-align: center;\">Stockholm 2014-12-14 (Last show of the year!<\/h3>\n<h5 style=\"text-align: center;\">Judge: Per Iversen No<\/h5>\n<h5 style=\"text-align: center;\">Ch WW-14 Ghazoot Baqiir BOB Swedish Winner<br \/>\nAl Suwiid Cemal (father to our C-litter) best male 2<br \/>\nNew title to Ch WW-08 Tillieville Xahna Douh \u00a0Swedish Veteran Winner (mother to Baqiir)<br \/>\nBOB Weteran\u00a0Moulay El-Mehdi al Ashrah &amp; also\u00a0Swedish Veteran Winner<br \/>\n(Ashrah is onkel to Baqiir &amp; Qilah)<br \/>\nJWW 2014 Tillieville Villia Vanille (daughter to Ghazoot Bashshar) BOS<\/h5>\n<p><a href=\"http:\/\/ghazoot.se\/wp-content\/uploads\/2014\/07\/20141216_195239.jpg\"><img loading=\"lazy\" decoding=\"async\" class=\"aligncenter size-medium wp-image-3664\" src=\"http:\/\/ghazoot.se\/wp-content\/uploads\/2014\/07\/20141216_195239-300x169.jpg\" alt=\"20141216_195239\" width=\"300\" height=\"169\" srcset=\"https:\/\/ghazoot.se\/wp-content\/uploads\/2014\/07\/20141216_195239-300x169.jpg 300w, https:\/\/ghazoot.se\/wp-content\/uploads\/2014\/07\/20141216_195239-800x450.jpg 800w, https:\/\/ghazoot.se\/wp-content\/uploads\/2014\/07\/20141216_195239-700x393.jpg 700w\" sizes=\"auto, (max-width: 300px) 100vw, 300px\" \/><\/a><\/p>\n<hr \/>\n<h4 style=\"text-align: center;\">Vallentuna 2014-10-19 SVVK \u00a0Nat.<br \/>\n<a href=\"http:\/\/ghazoot.se\/wp-content\/uploads\/2014\/07\/bir_vallentuna_14.jpg\"><img loading=\"lazy\" decoding=\"async\" class=\"aligncenter size-medium wp-image-4345\" src=\"http:\/\/ghazoot.se\/wp-content\/uploads\/2014\/07\/bir_vallentuna_14-300x239.jpg\" alt=\"bir_vallentuna_14\" width=\"300\" height=\"239\" srcset=\"https:\/\/ghazoot.se\/wp-content\/uploads\/2014\/07\/bir_vallentuna_14-300x239.jpg 300w, https:\/\/ghazoot.se\/wp-content\/uploads\/2014\/07\/bir_vallentuna_14.jpg 800w, https:\/\/ghazoot.se\/wp-content\/uploads\/2014\/07\/bir_vallentuna_14-700x558.jpg 700w\" sizes=\"auto, (max-width: 300px) 100vw, 300px\" \/><\/a><\/h4>\n<h5 style=\"text-align: center;\">Judge:\u00a0FOSS BJ\u00d6RG<\/h5>\n<h5 style=\"text-align: center;\">Ch Ghazoot Baqiir BOB<\/h5>\n<h5 style=\"text-align: center;\"><span style=\"font-family: Oswald, sans-serif; font-size: 16px; line-height: 1.62em;\">Ch Ghazoot Baqilah BOS<\/span><\/h5>\n<hr \/>\n<h4 style=\"text-align: center;\">Sundsvall 2014-10-11 SKK Int<\/h4>\n<h5 style=\"text-align: center;\">Judge:\u00a0MATEJCIC JASNA<\/h5>\n<h5 style=\"text-align: center;\">Ch Ghazoot Baqiir BOB CACIB<br \/>\nCh Ghazoot Baqilah BOS CACIB<br \/>\nTillieville Vera Verdandie bb-2 with CC<\/h5>\n<hr \/>\n<h3 style=\"text-align: center;\">Gimo 2014-09-14 SKK Int<\/h3>\n<h5 style=\"text-align: center;\">Judge:\u00a0SIIL INGA<br \/>\nGhazoot Baqiir BOB CACIB &amp; Ghazoot Baqilah BOS CACIB<\/h5>\n<hr \/>\n<h3 style=\"text-align: center;\"><span id=\"fbPhotoSnowliftCaption\" class=\"fbPhotosPhotoCaption\" style=\"color: #141823;\" tabindex=\"0\" data-ft=\"{&quot;tn&quot;:&quot;K&quot;}\"><span class=\"hasCaption\">Tallin 2014-08-23<\/span><\/span><\/h3>\n<h5 style=\"text-align: center;\"><span id=\"fbPhotoSnowliftCaption\" class=\"fbPhotosPhotoCaption\" style=\"color: #141823;\" tabindex=\"0\" data-ft=\"{&quot;tn&quot;:&quot;K&quot;}\"><span class=\"hasCaption\">Ghazoot Bashshar BOB, CACIB, CAC, EST CH &amp;<br \/>\nhis\u00a0daughter Villia BOS, JUN CAC, BOB Jun<\/span><\/span><span id=\"fbPhotoSnowliftTagList\" class=\"fbPhotoTagList\" style=\"color: #141823;\"><span class=\"fcg\" style=\"color: #9197a3;\"><br \/>\n<a href=\"http:\/\/ghazoot.se\/wp-content\/uploads\/2014\/07\/bashshar_bir_tallin.jpg\"><img loading=\"lazy\" decoding=\"async\" class=\"alignnone size-medium wp-image-3386\" src=\"http:\/\/ghazoot.se\/wp-content\/uploads\/2014\/07\/bashshar_bir_tallin-300x180.jpg\" alt=\"bashshar_bir_tallin\" width=\"300\" height=\"180\" srcset=\"https:\/\/ghazoot.se\/wp-content\/uploads\/2014\/07\/bashshar_bir_tallin-300x180.jpg 300w, https:\/\/ghazoot.se\/wp-content\/uploads\/2014\/07\/bashshar_bir_tallin-800x482.jpg 800w, https:\/\/ghazoot.se\/wp-content\/uploads\/2014\/07\/bashshar_bir_tallin-700x422.jpg 700w, https:\/\/ghazoot.se\/wp-content\/uploads\/2014\/07\/bashshar_bir_tallin.jpg 960w\" sizes=\"auto, (max-width: 300px) 100vw, 300px\" \/><br \/>\n<\/a>Owner Ullis Sundell<\/span><\/span><\/h5>\n<h5 style=\"text-align: center;\">Ghazoot Bashshar Oslo BOB<br \/>\n2014-09-16<\/h5>\n<hr \/>\n<h3 style=\"font-weight: 300; text-align: center;\">WDS 2014 Helsinki<\/h3>\n<h5 style=\"text-align: center;\">2014-08-09<br \/>\nWhat a day!!<br \/>\n<a href=\"http:\/\/ghazoot.se\/wp-content\/uploads\/2014\/08\/final_1_ww_14.jpg\"><img loading=\"lazy\" decoding=\"async\" class=\"alignnone size-medium wp-image-3392\" src=\"http:\/\/ghazoot.se\/wp-content\/uploads\/2014\/08\/final_1_ww_14-300x168.jpg\" alt=\"final_1_ww_14\" width=\"300\" height=\"168\" srcset=\"https:\/\/ghazoot.se\/wp-content\/uploads\/2014\/08\/final_1_ww_14-300x168.jpg 300w, https:\/\/ghazoot.se\/wp-content\/uploads\/2014\/08\/final_1_ww_14-800x450.jpg 800w, https:\/\/ghazoot.se\/wp-content\/uploads\/2014\/08\/final_1_ww_14-700x393.jpg 700w, https:\/\/ghazoot.se\/wp-content\/uploads\/2014\/08\/final_1_ww_14.jpg 1600w\" sizes=\"auto, (max-width: 300px) 100vw, 300px\" \/><\/a><br \/>\nCh Ghazoot Baqiir BOB World Winner 2014<br \/>\n&amp;<br \/>\nCh Ghazoot Bashira BOS World Winner 2014 &amp; Fi Champion<br \/>\n&amp;<br \/>\nCh Ghazoot Bashshar best male 2 and father to<br \/>\nTillieville Villia Vanille Junior World Winner 2014<br \/>\nand<br \/>\nTillieville Vera Verdandie\u00a02 in\u00a0Junior class<br \/>\n&amp;<br \/>\nKennel Ghazoot BOB breeder of three!!!<\/h5>\n<p style=\"text-align: center;\"><a href=\"http:\/\/ghazoot.se\/wp-content\/uploads\/2014\/08\/bir_bim_ww_14_1.jpg\"><img loading=\"lazy\" decoding=\"async\" class=\"wp-image-3360 size-medium aligncenter\" src=\"http:\/\/ghazoot.se\/wp-content\/uploads\/2014\/08\/bir_bim_ww_14_1-300x207.jpg\" alt=\"bir_bim_ww_14_1\" width=\"300\" height=\"207\" srcset=\"https:\/\/ghazoot.se\/wp-content\/uploads\/2014\/08\/bir_bim_ww_14_1-300x207.jpg 300w, https:\/\/ghazoot.se\/wp-content\/uploads\/2014\/08\/bir_bim_ww_14_1-800x552.jpg 800w, https:\/\/ghazoot.se\/wp-content\/uploads\/2014\/08\/bir_bim_ww_14_1-700x483.jpg 700w, https:\/\/ghazoot.se\/wp-content\/uploads\/2014\/08\/bir_bim_ww_14_1.jpg 2048w\" sizes=\"auto, (max-width: 300px) 100vw, 300px\" \/>J<\/a>udge: Per Iversen.<\/p>\n<p style=\"text-align: center;\"><a href=\"http:\/\/ghazoot.se\/wp-content\/uploads\/2014\/08\/ghazoot_bob_breeder_wds.jpg\"><img loading=\"lazy\" decoding=\"async\" class=\"alignnone wp-image-3359 size-medium\" src=\"http:\/\/ghazoot.se\/wp-content\/uploads\/2014\/08\/ghazoot_bob_breeder_wds-300x285.jpg\" alt=\"ghazoot_bob_breeder_wds\" width=\"300\" height=\"285\" srcset=\"https:\/\/ghazoot.se\/wp-content\/uploads\/2014\/08\/ghazoot_bob_breeder_wds-300x285.jpg 300w, https:\/\/ghazoot.se\/wp-content\/uploads\/2014\/08\/ghazoot_bob_breeder_wds-800x760.jpg 800w, https:\/\/ghazoot.se\/wp-content\/uploads\/2014\/08\/ghazoot_bob_breeder_wds-700x665.jpg 700w, https:\/\/ghazoot.se\/wp-content\/uploads\/2014\/08\/ghazoot_bob_breeder_wds.jpg 960w\" sizes=\"auto, (max-width: 300px) 100vw, 300px\" \/><\/a><\/p>\n<p style=\"text-align: center;\"><a href=\"http:\/\/ghazoot.se\/wp-content\/uploads\/2014\/08\/20140809_133847.jpg\"><img loading=\"lazy\" decoding=\"async\" class=\"wp-image-3355 size-medium aligncenter\" src=\"http:\/\/ghazoot.se\/wp-content\/uploads\/2014\/08\/20140809_133847-300x332.jpg\" alt=\"20140809_133847\" width=\"300\" height=\"332\" srcset=\"https:\/\/ghazoot.se\/wp-content\/uploads\/2014\/08\/20140809_133847-300x332.jpg 300w, https:\/\/ghazoot.se\/wp-content\/uploads\/2014\/08\/20140809_133847-800x886.jpg 800w, https:\/\/ghazoot.se\/wp-content\/uploads\/2014\/08\/20140809_133847-700x775.jpg 700w\" sizes=\"auto, (max-width: 300px) 100vw, 300px\" \/><\/a><\/p>\n<hr \/>\n<h3 style=\"font-weight: 300; text-align: center;\">Tammsvik 2014<\/h3>\n<h5 style=\"text-align: center;\">(Skoklaster sighthound summer show)<br \/>\nCh Ghazoot Baqiir BOB<br \/>\nCh Ghazoot Baqilah BOS<br \/>\nJudge: Annette Haferl\u00a0Schweiz<a style=\"font-weight: inherit; font-style: inherit; color: #d54e21;\" href=\"http:\/\/ghazoot.se\/wp-content\/uploads\/2014\/01\/baqiir_bob_tammsvik_14.jpg\"><br \/>\n<img loading=\"lazy\" decoding=\"async\" class=\"aligncenter wp-image-3335 size-full\" style=\"font-weight: inherit; font-style: inherit;\" src=\"http:\/\/ghazoot.se\/wp-content\/uploads\/2014\/01\/baqiir_bob_tammsvik_14.jpg\" alt=\"baqiir_bob_tammsvik_14\" width=\"800\" height=\"535\" srcset=\"https:\/\/ghazoot.se\/wp-content\/uploads\/2014\/01\/baqiir_bob_tammsvik_14.jpg 800w, https:\/\/ghazoot.se\/wp-content\/uploads\/2014\/01\/baqiir_bob_tammsvik_14-300x200.jpg 300w, https:\/\/ghazoot.se\/wp-content\/uploads\/2014\/01\/baqiir_bob_tammsvik_14-700x468.jpg 700w\" sizes=\"auto, (max-width: 800px) 100vw, 800px\" \/><\/a><\/h5>\n<h4 style=\"text-align: center;\"><\/h4>\n<hr \/>\n<h3 style=\"text-align: center;\">SvVk R\u00e5ne\u00e5 2014-07-06<\/h3>\n<h5 style=\"text-align: center;\"><span style=\"color: #333333;\">CIB NordCH PLCH SE V-12 KBV-13 FCI Euro Sighthound Winner \u201912\u00a0<\/span><br style=\"color: #333333;\" \/><span style=\"color: #333333;\">Polish Club Winner \u201912 Donaueschingen Dual Winner \u201913<\/span><br style=\"color: #333333;\" \/><span style=\"color: #333333;\">Ghazoot Bashshar BOB &amp; BIS-3 working<\/span><strong><span style=\"color: #333333;\"><br \/>\n<img loading=\"lazy\" decoding=\"async\" class=\"alignnone size-medium wp-image-3322 aligncenter\" src=\"http:\/\/ghazoot.se\/wp-content\/uploads\/2014\/07\/bashshar_bir_norr_14-300x371.jpg\" alt=\"bashshar_bir_norr_14\" width=\"300\" height=\"371\" srcset=\"https:\/\/ghazoot.se\/wp-content\/uploads\/2014\/07\/bashshar_bir_norr_14-300x371.jpg 300w, https:\/\/ghazoot.se\/wp-content\/uploads\/2014\/07\/bashshar_bir_norr_14.jpg 646w\" sizes=\"auto, (max-width: 300px) 100vw, 300px\" \/><\/span><\/strong><\/h5>\n<p style=\"text-align: center;\"><img loading=\"lazy\" decoding=\"async\" class=\"size-medium wp-image-3323 aligncenter\" src=\"http:\/\/ghazoot.se\/wp-content\/uploads\/2014\/07\/bashshar_bruksbis_3_14-300x359.jpg\" alt=\"bashshar_bruksbis_3_14\" width=\"300\" height=\"359\" srcset=\"https:\/\/ghazoot.se\/wp-content\/uploads\/2014\/07\/bashshar_bruksbis_3_14-300x359.jpg 300w, https:\/\/ghazoot.se\/wp-content\/uploads\/2014\/07\/bashshar_bruksbis_3_14.jpg 668w\" sizes=\"auto, (max-width: 300px) 100vw, 300px\" \/><\/p>\n<hr \/>\n<h5 style=\"text-align: center;\">LC in Sollefte\u00e5, midsommerweekend 2014<br \/>\n<img loading=\"lazy\" decoding=\"async\" class=\"alignnone size-medium wp-image-3324\" src=\"http:\/\/ghazoot.se\/wp-content\/uploads\/2014\/07\/2014-06-21-090-300x200.jpg\" alt=\"2014-06-21 090\" width=\"300\" height=\"200\" srcset=\"https:\/\/ghazoot.se\/wp-content\/uploads\/2014\/07\/2014-06-21-090-300x200.jpg 300w, https:\/\/ghazoot.se\/wp-content\/uploads\/2014\/07\/2014-06-21-090.jpg 640w\" sizes=\"auto, (max-width: 300px) 100vw, 300px\" \/><br \/>\n<span style=\"color: #37404e;\">Nr: 1 SEUCH SELCCH V&#8217;Fa&#8217;Iz Shi&#8217;Rayan (New LC champion)<br \/>\nNr: 2\u00a0<\/span>SE UCH SE VCH Ghazoot Bashira<br \/>\nNr: 3 CIB NordCH PLCH SE V-12 KBV-13 FCI Euro Sighthound Winner \u201912<br \/>\nPolish Club Winner \u201912 Donaueschingen Dual Winner \u201913<br \/>\nGhazoot Bashshar<\/h5>\n<h5 style=\"text-align: center;\">Thanks to Ullis Sundell who take our Shira to Sollefte\u00e5!!<br \/>\nCongrats to Ingela N\u00e4slund who own the winner and c\/o Shira with me!!!<\/h5>\n<hr \/>\n<h3 style=\"text-align: center;\">TOPWINNING sloughi in Sweden 2013<\/h3>\n<h5 style=\"text-align: center;\">SE uch NO uch FIN uch NORD uch INT uch*<br \/>\nNo V-12 Nord V-11 -13 FIN V-13 Helsingfors V-13<\/h5>\n<h5 style=\"text-align: center;\">Ghazoot Baqiir<br \/>\n<a href=\"http:\/\/ghazoot.se\/wp-content\/uploads\/2014\/03\/ghazoot_baqiir_topvinn_1.jpg\"><img loading=\"lazy\" decoding=\"async\" class=\"size-medium wp-image-1138 aligncenter\" src=\"http:\/\/ghazoot.se\/wp-content\/uploads\/2014\/03\/ghazoot_baqiir_topvinn_1-300x244.jpg\" alt=\"ghazoot_baqiir_topvinn_1\" width=\"300\" height=\"244\" srcset=\"https:\/\/ghazoot.se\/wp-content\/uploads\/2014\/03\/ghazoot_baqiir_topvinn_1-300x244.jpg 300w, https:\/\/ghazoot.se\/wp-content\/uploads\/2014\/03\/ghazoot_baqiir_topvinn_1-800x651.jpg 800w, https:\/\/ghazoot.se\/wp-content\/uploads\/2014\/03\/ghazoot_baqiir_topvinn_1-700x570.jpg 700w, https:\/\/ghazoot.se\/wp-content\/uploads\/2014\/03\/ghazoot_baqiir_topvinn_1.jpg 1600w\" sizes=\"auto, (max-width: 300px) 100vw, 300px\" \/><\/a><\/h5>\n<h3 style=\"text-align: center;\">TOPWINNING nr: 1 sloughi female in Sweden 2013<\/h3>\n<h5 style=\"text-align: center;\">SE uch NO uch FIN uch NORD uch INT uch*<br \/>\nNo V-11 No V-12 Nord V-11\u00a0SE V-11 Helsingfors V-13 Finsk V-13<\/h5>\n<h3 style=\"text-align: center;\">Ghazoot Baqilah<br \/>\n<a href=\"http:\/\/ghazoot.se\/wp-content\/uploads\/2014\/03\/se_v_13_ghazoot_baqilah.jpg\"><img loading=\"lazy\" decoding=\"async\" class=\"size-medium wp-image-1288 aligncenter\" src=\"http:\/\/ghazoot.se\/wp-content\/uploads\/2014\/03\/se_v_13_ghazoot_baqilah-300x278.jpg\" alt=\"se_v_13_ghazoot_baqilah\" width=\"300\" height=\"278\" srcset=\"https:\/\/ghazoot.se\/wp-content\/uploads\/2014\/03\/se_v_13_ghazoot_baqilah-300x278.jpg 300w, https:\/\/ghazoot.se\/wp-content\/uploads\/2014\/03\/se_v_13_ghazoot_baqilah-800x741.jpg 800w, https:\/\/ghazoot.se\/wp-content\/uploads\/2014\/03\/se_v_13_ghazoot_baqilah-700x648.jpg 700w, https:\/\/ghazoot.se\/wp-content\/uploads\/2014\/03\/se_v_13_ghazoot_baqilah.jpg 1392w\" sizes=\"auto, (max-width: 300px) 100vw, 300px\" \/><\/a><br \/>\nTopwinning sloughi female 2<\/h3>\n<h5 style=\"text-align: center;\">SE UCH SE VCH<br \/>\nGhazoot Bashira<br \/>\n<a href=\"http:\/\/ghazoot.se\/wp-content\/uploads\/2014\/03\/bashira_oland_12.jpg\"><img loading=\"lazy\" decoding=\"async\" class=\"size-medium wp-image-1509 aligncenter\" src=\"http:\/\/ghazoot.se\/wp-content\/uploads\/2014\/03\/bashira_oland_12-300x200.jpg\" alt=\"bashira_oland_12\" width=\"300\" height=\"200\" srcset=\"https:\/\/ghazoot.se\/wp-content\/uploads\/2014\/03\/bashira_oland_12-300x200.jpg 300w, https:\/\/ghazoot.se\/wp-content\/uploads\/2014\/03\/bashira_oland_12.jpg 700w\" sizes=\"auto, (max-width: 300px) 100vw, 300px\" \/><\/a><\/h5>\n","protected":false},"excerpt":{"rendered":"<p>2014 \u00e5rs nyheter ( f\u00f6r andra \u00e5r, klicka i menyn!) \u00a0 \u00a0WW-14 SE Uch NO Uch FIN Uch NORD Uch C.I.B.* \u00a0\u00a0 SE W-14 No V-12 Nord V-11 -13 FIN\u00a0V-13 Helsingfors V-13 \u00a0Ghazoot Baqiir ended up as topwinning sloughi in Sweden 2014 Stockholm 2014-12-14 (Last show of the year! Judge: Per Iversen No Ch WW-14 [&hellip;]<\/p>\n","protected":false},"author":1,"featured_media":0,"parent":0,"menu_order":0,"comment_status":"closed","ping_status":"open","template":"","meta":{"footnotes":""},"class_list":["post-3330","page","type-page","status-publish","hentry"],"_links":{"self":[{"href":"https:\/\/ghazoot.se\/index.php?rest_route=\/wp\/v2\/pages\/3330","targetHints":{"allow":["GET"]}}],"collection":[{"href":"https:\/\/ghazoot.se\/index.php?rest_route=\/wp\/v2\/pages"}],"about":[{"href":"https:\/\/ghazoot.se\/index.php?rest_route=\/wp\/v2\/types\/page"}],"author":[{"embeddable":true,"href":"https:\/\/ghazoot.se\/index.php?rest_route=\/wp\/v2\/users\/1"}],"replies":[{"embeddable":true,"href":"https:\/\/ghazoot.se\/index.php?rest_route=%2Fwp%2Fv2%2Fcomments&post=3330"}],"version-history":[{"count":24,"href":"https:\/\/ghazoot.se\/index.php?rest_route=\/wp\/v2\/pages\/3330\/revisions"}],"predecessor-version":[{"id":4364,"href":"https:\/\/ghazoot.se\/index.php?rest_route=\/wp\/v2\/pages\/3330\/revisions\/4364"}],"wp:attachment":[{"href":"https:\/\/ghazoot.se\/index.php?rest_route=%2Fwp%2Fv2%2Fmedia&parent=3330"}],"curies":[{"name":"wp","href":"https:\/\/api.w.org\/{rel}","templated":true}]}}