{"id":551,"date":"2014-02-12T00:25:45","date_gmt":"2014-02-11T23:25:45","guid":{"rendered":"http:\/\/ghazoot.se\/wp\/wordpress\/?page_id=551"},"modified":"2015-09-06T15:17:49","modified_gmt":"2015-09-06T13:17:49","slug":"nyheter-2012","status":"publish","type":"page","link":"https:\/\/ghazoot.se\/?page_id=551","title":{"rendered":"Nyheter 2012"},"content":{"rendered":"<h4 style=\"text-align: center;\">10\/12-2012 Stockholm Int. All breed Swedish winnershow<br \/>\nBOB Ch Al Suwiid Benazir BOS Ch Ghazoot Bashshar<br \/>\nJudge: Rudi Brant<br \/>\n<a href=\"http:\/\/ghazoot.se\/wp-content\/uploads\/2014\/03\/bir_bim_stock_12.jpg\"><img loading=\"lazy\" decoding=\"async\" class=\"aligncenter wp-image-1212 size-medium\" src=\"http:\/\/ghazoot.se\/wp-content\/uploads\/2014\/03\/bir_bim_stock_12-300x195.jpg\" alt=\"bir_bim_stock_12\" width=\"300\" height=\"195\" srcset=\"https:\/\/ghazoot.se\/wp-content\/uploads\/2014\/03\/bir_bim_stock_12-300x195.jpg 300w, https:\/\/ghazoot.se\/wp-content\/uploads\/2014\/03\/bir_bim_stock_12.jpg 700w\" sizes=\"auto, (max-width: 300px) 100vw, 300px\" \/><\/a>2 best male Ch Ghazoot Baqiir<br \/>\n3 best male Ch Ghazoot Barqash<br \/>\n2 best bitch Ch Ghazoot Baqilah<\/h4>\n<hr style=\"width: 500px;\" width=\"500\" \/>\n<h4 style=\"text-align: center;\">2012-11-24 Lillestr\u00f6m Norwey<strong><br \/>\n<\/strong>Ch Ghazoot Baqiir BOB &amp; Ch Ghazoot Baqilah BOS<br \/>\nBoth new Norweigan champions &amp; Vinner!!<br \/>\n<a href=\"http:\/\/ghazoot.se\/wp-content\/uploads\/2014\/03\/baqiir_bob_lillestrom_12.jpg\"><img loading=\"lazy\" decoding=\"async\" class=\"size-medium wp-image-1202 aligncenter\" src=\"http:\/\/ghazoot.se\/wp-content\/uploads\/2014\/03\/baqiir_bob_lillestrom_12-300x201.jpg\" alt=\"baqiir_bob_lillestrom_12\" width=\"300\" height=\"201\" srcset=\"https:\/\/ghazoot.se\/wp-content\/uploads\/2014\/03\/baqiir_bob_lillestrom_12-300x201.jpg 300w, https:\/\/ghazoot.se\/wp-content\/uploads\/2014\/03\/baqiir_bob_lillestrom_12-700x469.jpg 700w, https:\/\/ghazoot.se\/wp-content\/uploads\/2014\/03\/baqiir_bob_lillestrom_12.jpg 800w\" sizes=\"auto, (max-width: 300px) 100vw, 300px\" \/><\/a><\/h4>\n<h4 style=\"text-align: center;\">Judge: Helgesen Svein<\/h4>\n<hr style=\"width: 500px;\" width=\"500\" \/>\n<h4 style=\"text-align: center;\">Sundsvall 13 Oktober 2012 SKK INT<br \/>\nCh Ghazoot Baqiir BOB BIG-3<br \/>\n<a href=\"http:\/\/ghazoot.se\/wp-content\/uploads\/2014\/03\/baqiir_big_3_sundsvall12.jpg\"><img loading=\"lazy\" decoding=\"async\" class=\"size-medium wp-image-1200 aligncenter\" src=\"http:\/\/ghazoot.se\/wp-content\/uploads\/2014\/03\/baqiir_big_3_sundsvall12-300x300.jpg\" alt=\"baqiir_big_3_sundsvall12\" width=\"300\" height=\"300\" srcset=\"https:\/\/ghazoot.se\/wp-content\/uploads\/2014\/03\/baqiir_big_3_sundsvall12-300x300.jpg 300w, https:\/\/ghazoot.se\/wp-content\/uploads\/2014\/03\/baqiir_big_3_sundsvall12-150x150.jpg 150w, https:\/\/ghazoot.se\/wp-content\/uploads\/2014\/03\/baqiir_big_3_sundsvall12-268x268.jpg 268w, https:\/\/ghazoot.se\/wp-content\/uploads\/2014\/03\/baqiir_big_3_sundsvall12.jpg 403w\" sizes=\"auto, (max-width: 300px) 100vw, 300px\" \/><\/a><\/h4>\n<h4 style=\"text-align: center;\">Ch Ghazoot Baqiir BOB &amp; BIG-3<br \/>\nCh Ghazoot Baqilah BOS<br \/>\nCh Ghazoot Bashira BB-2 CC<br \/>\nJudge: Aaltonen Pirjo<br \/>\nFoto Ingela N\u00e4slund<\/h4>\n<hr style=\"width: 500px;\" width=\"500\" \/>\n<h4 style=\"text-align: center;\">c\/o Ingela &amp; Shira on LC!!!<a href=\"http:\/\/ghazoot.se\/wp-content\/uploads\/2014\/03\/shira_lc.jpg\">!<\/a><\/h4>\n<h4 style=\"text-align: center;\"><a href=\"http:\/\/ghazoot.se\/wp-content\/uploads\/2014\/03\/shira_lc.jpg\"><img loading=\"lazy\" decoding=\"async\" class=\"size-medium wp-image-1219 aligncenter\" src=\"http:\/\/ghazoot.se\/wp-content\/uploads\/2014\/03\/shira_lc-300x200.jpg\" alt=\"shira_lc\" width=\"300\" height=\"200\" srcset=\"https:\/\/ghazoot.se\/wp-content\/uploads\/2014\/03\/shira_lc-300x200.jpg 300w, https:\/\/ghazoot.se\/wp-content\/uploads\/2014\/03\/shira_lc.jpg 480w\" sizes=\"auto, (max-width: 300px) 100vw, 300px\" \/><\/a><\/h4>\n<h4 style=\"text-align: center;\">Ghazoot Bashira on KM LC BIR\/BOB-2<\/h4>\n<hr style=\"width: 500px;\" width=\"500\" \/>\n<h4 style=\"text-align: center;\">Ch. Ghazoot Bashshar har varit till Polen med matte\/\u00e4gare Ullis Sundell<br \/>\nFCI Eurosighthound-Show 08.09.2012<br \/>\n<a href=\"http:\/\/ghazoot.se\/wp-content\/uploads\/2014\/03\/bashshar_bir_polen_12.jpg\"><img loading=\"lazy\" decoding=\"async\" class=\"size-medium wp-image-1207 aligncenter\" src=\"http:\/\/ghazoot.se\/wp-content\/uploads\/2014\/03\/bashshar_bir_polen_12-300x200.jpg\" alt=\"bashshar_bir_polen_12\" width=\"300\" height=\"200\" srcset=\"https:\/\/ghazoot.se\/wp-content\/uploads\/2014\/03\/bashshar_bir_polen_12-300x200.jpg 300w, https:\/\/ghazoot.se\/wp-content\/uploads\/2014\/03\/bashshar_bir_polen_12-700x466.jpg 700w, https:\/\/ghazoot.se\/wp-content\/uploads\/2014\/03\/bashshar_bir_polen_12.jpg 720w\" sizes=\"auto, (max-width: 300px) 100vw, 300px\" \/><\/a><\/h4>\n<h4 style=\"text-align: center;\">\u00a0BOB day 2 on clubshow!<br \/>\nBOS Ch.Chameh Schuru esch Schams<br \/>\nJudge: Magnus Hagstedt.Photo Kristina Kalamata<\/h4>\n<hr style=\"width: 500px;\" width=\"500\" \/>\n<h4 style=\"text-align: center;\"><a href=\"http:\/\/ghazoot.se\/wp-content\/uploads\/2014\/03\/bashshar_bim_polen12.jpg\"><img loading=\"lazy\" decoding=\"async\" class=\"size-medium wp-image-1206 aligncenter\" src=\"http:\/\/ghazoot.se\/wp-content\/uploads\/2014\/03\/bashshar_bim_polen12-300x199.jpg\" alt=\"bashshar_bim_polen12\" width=\"300\" height=\"199\" srcset=\"https:\/\/ghazoot.se\/wp-content\/uploads\/2014\/03\/bashshar_bim_polen12-300x199.jpg 300w, https:\/\/ghazoot.se\/wp-content\/uploads\/2014\/03\/bashshar_bim_polen12-700x466.jpg 700w, https:\/\/ghazoot.se\/wp-content\/uploads\/2014\/03\/bashshar_bim_polen12.jpg 800w\" sizes=\"auto, (max-width: 300px) 100vw, 300px\" \/><\/a>Photo Kristina Kalamata<br \/>\nBIR\/BOB Ch.Chameh Schuru esch Schams<br \/>\nBIM\/BOS day 1!<br \/>\nJudged by sighthound-specialist: Mrs. Marie-Christine Delabelle<\/h4>\n<hr style=\"width: 500px;\" width=\"500\" \/>\n<h4 style=\"text-align: center;\">2012-08-19 SKK INT Norrk\u00f6ping<br \/>\n<a href=\"http:\/\/ghazoot.se\/wp-content\/uploads\/2014\/03\/bir_bim_norrkop_12.jpg\"><img loading=\"lazy\" decoding=\"async\" class=\"size-medium wp-image-1211 aligncenter\" src=\"http:\/\/ghazoot.se\/wp-content\/uploads\/2014\/03\/bir_bim_norrkop_12-300x181.jpg\" alt=\"bir_bim_norrkop_12\" width=\"300\" height=\"181\" srcset=\"https:\/\/ghazoot.se\/wp-content\/uploads\/2014\/03\/bir_bim_norrkop_12-300x181.jpg 300w, https:\/\/ghazoot.se\/wp-content\/uploads\/2014\/03\/bir_bim_norrkop_12.jpg 700w\" sizes=\"auto, (max-width: 300px) 100vw, 300px\" \/><\/a>Thanks for handlerhelp Mikael Tofthagen<br \/>\nBaqiir BOB &amp; Qilah BOS<br \/>\nJudge: Gunnar Nyman<\/h4>\n<hr style=\"width: 500px;\" width=\"500\" \/>\n<h4 style=\"text-align: center;\">2012-08-18 SKK INT Eskilstuna<br \/>\n<a href=\"http:\/\/ghazoot.se\/wp-content\/uploads\/2014\/03\/qilah_bir_eskilstuna12.jpg\"><img loading=\"lazy\" decoding=\"async\" class=\"size-medium wp-image-1218 aligncenter\" src=\"http:\/\/ghazoot.se\/wp-content\/uploads\/2014\/03\/qilah_bir_eskilstuna12-300x236.jpg\" alt=\"qilah_bir_eskilstuna12\" width=\"300\" height=\"236\" srcset=\"https:\/\/ghazoot.se\/wp-content\/uploads\/2014\/03\/qilah_bir_eskilstuna12-300x236.jpg 300w, https:\/\/ghazoot.se\/wp-content\/uploads\/2014\/03\/qilah_bir_eskilstuna12-700x551.jpg 700w, https:\/\/ghazoot.se\/wp-content\/uploads\/2014\/03\/qilah_bir_eskilstuna12.jpg 800w\" sizes=\"auto, (max-width: 300px) 100vw, 300px\" \/><\/a>Baqilah BIR\/BOB<\/h4>\n<hr style=\"width: 500px;\" width=\"500\" \/>\n<h4 style=\"text-align: center;\">SVVK Bjurholm<br \/>\nGhazoot Bashshar BOB BIS-4<br \/>\n<a href=\"http:\/\/ghazoot.se\/wp-content\/uploads\/2014\/03\/bashshar_bis4_bjurholm-12.jpg\"><img loading=\"lazy\" decoding=\"async\" class=\"size-medium wp-image-1209 aligncenter\" src=\"http:\/\/ghazoot.se\/wp-content\/uploads\/2014\/03\/bashshar_bis4_bjurholm-12-300x372.jpg\" alt=\"bashshar_bis4_bjurholm-12\" width=\"300\" height=\"372\" srcset=\"https:\/\/ghazoot.se\/wp-content\/uploads\/2014\/03\/bashshar_bis4_bjurholm-12-300x372.jpg 300w, https:\/\/ghazoot.se\/wp-content\/uploads\/2014\/03\/bashshar_bis4_bjurholm-12.jpg 387w\" sizes=\"auto, (max-width: 300px) 100vw, 300px\" \/><\/a><\/h4>\n<h4 style=\"text-align: center;\">Qritique:<br \/>\nPerfect, this male has everything the standard would ask for.<br \/>\nThank you for showing me this dog. He is one of the most beautiful sloughi I have ever seen.<br \/>\nIt was a great pleasure to judge him. Exc presentation.<br \/>\nJudge: Dr. Gy\u00f6rgy Tesics, kennel Ben Bens Hungary.<\/h4>\n<hr style=\"width: 500px;\" width=\"500\" \/>\n<h4 style=\"text-align: center;\">2012-08-05 SKK Svenstavik<br \/>\nGhazoot Baqiir BOB &amp; BIG-4<br \/>\n<a href=\"http:\/\/ghazoot.se\/wp-content\/uploads\/2014\/03\/bir_bim_svensta_12skk.jpg\"><img loading=\"lazy\" decoding=\"async\" class=\"size-medium wp-image-1204 aligncenter\" src=\"http:\/\/ghazoot.se\/wp-content\/uploads\/2014\/03\/bir_bim_svensta_12skk-300x249.jpg\" alt=\"bir_bim_svensta_12skk\" width=\"300\" height=\"249\" srcset=\"https:\/\/ghazoot.se\/wp-content\/uploads\/2014\/03\/bir_bim_svensta_12skk-300x249.jpg 300w, https:\/\/ghazoot.se\/wp-content\/uploads\/2014\/03\/bir_bim_svensta_12skk.jpg 700w\" sizes=\"auto, (max-width: 300px) 100vw, 300px\" \/><\/a><a href=\"http:\/\/ghazoot.se\/wp-content\/uploads\/2014\/03\/baqiir_grupp4_svensta_12.jpg\"><img loading=\"lazy\" decoding=\"async\" class=\"size-medium wp-image-1203 aligncenter\" src=\"http:\/\/ghazoot.se\/wp-content\/uploads\/2014\/03\/baqiir_grupp4_svensta_12-300x222.jpg\" alt=\"baqiir_grupp4_svensta_12\" width=\"300\" height=\"222\" srcset=\"https:\/\/ghazoot.se\/wp-content\/uploads\/2014\/03\/baqiir_grupp4_svensta_12-300x222.jpg 300w, https:\/\/ghazoot.se\/wp-content\/uploads\/2014\/03\/baqiir_grupp4_svensta_12.jpg 700w\" sizes=\"auto, (max-width: 300px) 100vw, 300px\" \/><\/a>Ghazoot Barqash bm-2 excelent CK<\/h4>\n<h4 style=\"text-align: center;\">Ghazoot Baqilah BOS<br \/>\nJudge: Jarmo Vourinen<\/h4>\n<hr style=\"width: 500px;\" width=\"500\" \/>\n<h4 style=\"text-align: center;\">2012-08-04 Svvk Svenstavik<br \/>\nGhazoot Baqilah BOB, Ghazoot Bashira bf-2 excelent CK<br \/>\nGhazoot Baqiir BOS, Ghazoot Barqash bm-2 excelent CK<br \/>\n<span style=\"font-size: 18px;\">Kennel Ghazoot BIS-1 Breeders group!!<\/span><\/h4>\n<h4 style=\"text-align: center;\"><a href=\"http:\/\/ghazoot.se\/wp-content\/uploads\/2014\/03\/bis1_uppf_svensta12.jpg\"><img loading=\"lazy\" decoding=\"async\" class=\"size-medium wp-image-1221 aligncenter\" src=\"http:\/\/ghazoot.se\/wp-content\/uploads\/2014\/03\/bir_bim_svensta_12svvk-300x202.jpg\" alt=\"bir_bim_svensta_12svvk\" width=\"300\" height=\"202\" srcset=\"https:\/\/ghazoot.se\/wp-content\/uploads\/2014\/03\/bir_bim_svensta_12svvk-300x202.jpg 300w, https:\/\/ghazoot.se\/wp-content\/uploads\/2014\/03\/bir_bim_svensta_12svvk.jpg 700w\" sizes=\"auto, (max-width: 300px) 100vw, 300px\" \/><img loading=\"lazy\" decoding=\"async\" class=\"size-medium wp-image-1227 aligncenter\" src=\"http:\/\/ghazoot.se\/wp-content\/uploads\/2014\/03\/bis1_uppf_svensta12-300x226.jpg\" alt=\"bis1_uppf_svensta12\" width=\"300\" height=\"226\" srcset=\"https:\/\/ghazoot.se\/wp-content\/uploads\/2014\/03\/bis1_uppf_svensta12-300x226.jpg 300w, https:\/\/ghazoot.se\/wp-content\/uploads\/2014\/03\/bis1_uppf_svensta12-800x604.jpg 800w, https:\/\/ghazoot.se\/wp-content\/uploads\/2014\/03\/bis1_uppf_svensta12-700x528.jpg 700w, https:\/\/ghazoot.se\/wp-content\/uploads\/2014\/03\/bis1_uppf_svensta12.jpg 927w\" sizes=\"auto, (max-width: 300px) 100vw, 300px\" \/><\/a><\/h4>\n<hr style=\"width: 500px;\" width=\"500\" \/>\n<h4 style=\"text-align: center;\">\u00a02012-07-29 SVVK Tammsvik<\/h4>\n<h4 style=\"text-align: center;\">Ghazoot Baqila<span style=\"font-family: Oswald, sans-serif; font-size: 18px; line-height: 1.62em;\">h BOB<\/span><\/h4>\n<h4 style=\"text-align: center;\">Ghazoot Baqiir BOS<br \/>\n<a href=\"http:\/\/ghazoot.se\/wp-content\/uploads\/2014\/03\/bir_im_tammsvik_12.jpg\"><img loading=\"lazy\" decoding=\"async\" class=\"size-medium wp-image-1222 aligncenter\" src=\"http:\/\/ghazoot.se\/wp-content\/uploads\/2014\/03\/bir_im_tammsvik_12-300x199.jpg\" alt=\"bir_im_tammsvik_12\" width=\"300\" height=\"199\" srcset=\"https:\/\/ghazoot.se\/wp-content\/uploads\/2014\/03\/bir_im_tammsvik_12-300x199.jpg 300w, https:\/\/ghazoot.se\/wp-content\/uploads\/2014\/03\/bir_im_tammsvik_12.jpg 700w\" sizes=\"auto, (max-width: 300px) 100vw, 300px\" \/><\/a>Domare Waltraud Peschges<br \/>\nthank\u00b4s for\u00a0 handlerhelp, Tiina Koolmaister!!<\/h4>\n<hr style=\"width: 500px;\" width=\"500\" \/>\n<h4 style=\"text-align: center;\">2012-07-07 SKK Alfta<strong><br \/>\n<\/strong>Ghazoot Baqilah BOB BIG-4 Ghazoot Baqiir BOS<br \/>\n<a href=\"http:\/\/ghazoot.se\/wp-content\/uploads\/2014\/03\/bir_bim_alfta_12_sloughi.jpg\"><img loading=\"lazy\" decoding=\"async\" class=\"size-medium wp-image-1210 aligncenter\" src=\"http:\/\/ghazoot.se\/wp-content\/uploads\/2014\/03\/bir_bim_alfta_12_sloughi-300x214.jpg\" alt=\"bir_bim_alfta_12_sloughi\" width=\"300\" height=\"214\" srcset=\"https:\/\/ghazoot.se\/wp-content\/uploads\/2014\/03\/bir_bim_alfta_12_sloughi-300x214.jpg 300w, https:\/\/ghazoot.se\/wp-content\/uploads\/2014\/03\/bir_bim_alfta_12_sloughi-700x501.jpg 700w, https:\/\/ghazoot.se\/wp-content\/uploads\/2014\/03\/bir_bim_alfta_12_sloughi.jpg 800w\" sizes=\"auto, (max-width: 300px) 100vw, 300px\" \/><\/a><\/h4>\n<h4 style=\"text-align: center;\">Thank\u00b4s Cathrin Nilsson for handler help!<br \/>\nJudge Hannele Jokisilta<br \/>\n<a href=\"http:\/\/ghazoot.se\/wp-content\/uploads\/2014\/03\/qilah_big_4alfta.jpg\"><img loading=\"lazy\" decoding=\"async\" class=\"size-medium wp-image-1216 aligncenter\" src=\"http:\/\/ghazoot.se\/wp-content\/uploads\/2014\/03\/qilah_big_4alfta-300x266.jpg\" alt=\"qilah_big_4alfta\" width=\"300\" height=\"266\" srcset=\"https:\/\/ghazoot.se\/wp-content\/uploads\/2014\/03\/qilah_big_4alfta-300x266.jpg 300w, https:\/\/ghazoot.se\/wp-content\/uploads\/2014\/03\/qilah_big_4alfta.jpg 700w\" sizes=\"auto, (max-width: 300px) 100vw, 300px\" \/><\/a><\/h4>\n<h4 style=\"text-align: center;\">BIG-4<\/h4>\n<hr style=\"width: 500px;\" width=\"500\" \/>\n<h4 style=\"text-align: center;\">2012-07-01 Trondheim Norge<\/h4>\n<h4 style=\"text-align: center;\">BIR\/BOB SE UCH Ghazoot Bashshar &amp; BIM\/BOS SE UCH Tillieville Wassadou.<br \/>\n<a href=\"http:\/\/ghazoot.se\/wp-content\/uploads\/2014\/03\/bashshar_bir_trondheim12.jpg\"><img loading=\"lazy\" decoding=\"async\" class=\"size-medium wp-image-1208 aligncenter\" src=\"http:\/\/ghazoot.se\/wp-content\/uploads\/2014\/03\/bashshar_bir_trondheim12-300x181.jpg\" alt=\"bashshar_bir_trondheim12\" width=\"300\" height=\"181\" srcset=\"https:\/\/ghazoot.se\/wp-content\/uploads\/2014\/03\/bashshar_bir_trondheim12-300x181.jpg 300w, https:\/\/ghazoot.se\/wp-content\/uploads\/2014\/03\/bashshar_bir_trondheim12.jpg 480w\" sizes=\"auto, (max-width: 300px) 100vw, 300px\" \/><\/a>Domare\/Judge Nenne Runsten<br \/>\nFoto Mona Riberg<\/h4>\n<hr style=\"width: 500px;\" width=\"500\" \/>\n<h4 style=\"text-align: center;\">2012-06-17 SKK Avesta<strong><br \/>\n<\/strong>Ghazoot Baqilah BOB CERT CACIB<br \/>\n&amp; New swedish champion!!!<br \/>\nNo photo unfurtenly&#8230;<\/h4>\n<hr style=\"width: 500px;\" width=\"500\" \/>\n<h4 style=\"text-align: center;\">2012-05-18<br \/>\nSalzburg 2012 WDS!!!! 46 sloughi!<strong><br \/>\n<\/strong>Qilah was 2 in the most represented openclass! With Res-CC!!<br \/>\n<a href=\"http:\/\/ghazoot.se\/wp-content\/uploads\/2014\/03\/wds_2012_gilah.jpg\"><img loading=\"lazy\" decoding=\"async\" class=\"size-medium wp-image-1220 aligncenter\" src=\"http:\/\/ghazoot.se\/wp-content\/uploads\/2014\/03\/wds_2012_gilah-300x200.jpg\" alt=\"wds_2012_gilah\" width=\"300\" height=\"200\" srcset=\"https:\/\/ghazoot.se\/wp-content\/uploads\/2014\/03\/wds_2012_gilah-300x200.jpg 300w, https:\/\/ghazoot.se\/wp-content\/uploads\/2014\/03\/wds_2012_gilah-800x534.jpg 800w, https:\/\/ghazoot.se\/wp-content\/uploads\/2014\/03\/wds_2012_gilah-700x467.jpg 700w, https:\/\/ghazoot.se\/wp-content\/uploads\/2014\/03\/wds_2012_gilah.jpg 960w\" sizes=\"auto, (max-width: 300px) 100vw, 300px\" \/><\/a><\/h4>\n<hr style=\"width: 500px;\" width=\"500\" \/>\n<h4 style=\"text-align: center;\">2012-04-28 V\u00e4ster\u00e5s SKK<br \/>\n2 new CHAMPIONS!!<strong><br \/>\n<\/strong><span style=\"font-size: large;\">CH Ghazoot Baqiir BIR\/BOB BIG<\/span><span style=\"font-size: large;\">-2!! <\/span><br \/>\nCh Ghazoot Bashira BIM\/BOS<br \/>\n<span style=\"font-size: x-large;\">BIS-1 progeny group!!!<br \/>\n<a href=\"http:\/\/ghazoot.se\/wp-content\/uploads\/2014\/03\/avelsbis_1_ny.jpg\"><img loading=\"lazy\" decoding=\"async\" class=\"size-medium wp-image-1198 aligncenter\" src=\"http:\/\/ghazoot.se\/wp-content\/uploads\/2014\/03\/avelsbis_1_ny-300x128.jpg\" alt=\"avelsbis_1_ny\" width=\"300\" height=\"128\" srcset=\"https:\/\/ghazoot.se\/wp-content\/uploads\/2014\/03\/avelsbis_1_ny-300x128.jpg 300w, https:\/\/ghazoot.se\/wp-content\/uploads\/2014\/03\/avelsbis_1_ny.jpg 694w\" sizes=\"auto, (max-width: 300px) 100vw, 300px\" \/><\/a><\/span>From left Int. Nordic Ch WW-08 Tillieville Xahna Douh,<br \/>\nGhazoot Baqilah, Ghazoot Bashira, Ghazoot Bashshar &amp; Ghazoot Baqiir!<\/h4>\n<h4 style=\"text-align: center;\">&amp;<br \/>\nBreeders group-4!!!!!<br \/>\n<a href=\"http:\/\/ghazoot.se\/wp-content\/uploads\/2014\/03\/bis_3breederscl_2.jpg\"><img loading=\"lazy\" decoding=\"async\" class=\"size-medium wp-image-1224 aligncenter\" src=\"http:\/\/ghazoot.se\/wp-content\/uploads\/2014\/03\/bis_3breederscl_2-300x192.jpg\" alt=\"bis_3breederscl_2\" width=\"300\" height=\"192\" srcset=\"https:\/\/ghazoot.se\/wp-content\/uploads\/2014\/03\/bis_3breederscl_2-300x192.jpg 300w, https:\/\/ghazoot.se\/wp-content\/uploads\/2014\/03\/bis_3breederscl_2.jpg 630w\" sizes=\"auto, (max-width: 300px) 100vw, 300px\" \/><\/a>&amp;<br \/>\nNow The FCI confirmation has came for:<br \/>\nWW-2008 No V-09 Se uch No uch Fi uch C. I. B.<br \/>\nTillieville Xahna Douh!!!<\/h4>\n<hr style=\"width: 500px;\" width=\"500\" \/>\n<h4 style=\"text-align: center;\">2012-04-15-16 Sundsvall SKK &amp; SVVK<br \/>\nL\u00f6rdag SKK<br \/>\nGhazoot Baqiir CERT BIM\/BOS &amp; Ghazoot Baqilah CERT BIR\/BOB BIG-4<\/h4>\n<h4 style=\"text-align: center;\">Ghazoot Baqilah BIG-4<br \/>\n<a href=\"http:\/\/ghazoot.se\/wp-content\/uploads\/2014\/03\/qilah_baqiir_bir_bim_2012sunds.jpg\"><img loading=\"lazy\" decoding=\"async\" class=\"size-medium wp-image-1214 aligncenter\" src=\"http:\/\/ghazoot.se\/wp-content\/uploads\/2014\/03\/qilah_baqiir_bir_bim_2012sunds-300x200.jpg\" alt=\"qilah_baqiir_bir_bim_2012sunds\" width=\"300\" height=\"200\" srcset=\"https:\/\/ghazoot.se\/wp-content\/uploads\/2014\/03\/qilah_baqiir_bir_bim_2012sunds-300x200.jpg 300w, https:\/\/ghazoot.se\/wp-content\/uploads\/2014\/03\/qilah_baqiir_bir_bim_2012sunds-800x533.jpg 800w, https:\/\/ghazoot.se\/wp-content\/uploads\/2014\/03\/qilah_baqiir_bir_bim_2012sunds-700x467.jpg 700w, https:\/\/ghazoot.se\/wp-content\/uploads\/2014\/03\/qilah_baqiir_bir_bim_2012sunds.jpg 854w\" sizes=\"auto, (max-width: 300px) 100vw, 300px\" \/><\/a><strong><a href=\"http:\/\/ghazoot.se\/wp-content\/uploads\/2014\/03\/qilah_big_4_2012sunds.jpg\"><img loading=\"lazy\" decoding=\"async\" class=\"size-medium wp-image-1215 aligncenter\" src=\"http:\/\/ghazoot.se\/wp-content\/uploads\/2014\/03\/qilah_big_4_2012sunds-300x200.jpg\" alt=\"qilah_big_4_2012sunds\" width=\"300\" height=\"200\" srcset=\"https:\/\/ghazoot.se\/wp-content\/uploads\/2014\/03\/qilah_big_4_2012sunds-300x200.jpg 300w, https:\/\/ghazoot.se\/wp-content\/uploads\/2014\/03\/qilah_big_4_2012sunds-800x533.jpg 800w, https:\/\/ghazoot.se\/wp-content\/uploads\/2014\/03\/qilah_big_4_2012sunds-700x467.jpg 700w, https:\/\/ghazoot.se\/wp-content\/uploads\/2014\/03\/qilah_big_4_2012sunds.jpg 854w\" sizes=\"auto, (max-width: 300px) 100vw, 300px\" \/><\/a><\/strong>Ghazoot Bashshar 2-bh \/BM-2<br \/>\nDomare\/judge: Branislav Rajic<\/h4>\n<hr style=\"width: 500px;\" width=\"500\" \/>\n<h4 style=\"text-align: center;\">S\u00f6ndag SVVK<br \/>\nGhazoot Barqash CERT BIR\/BOB BIS-3<br \/>\n<a href=\"http:\/\/ghazoot.se\/wp-content\/uploads\/2014\/03\/qash_bir_bim_sunds.jpg\"><img loading=\"lazy\" decoding=\"async\" class=\"size-medium wp-image-1229 aligncenter\" src=\"http:\/\/ghazoot.se\/wp-content\/uploads\/2014\/03\/qash_bir_bim_sunds-300x225.jpg\" alt=\"qash_bir_bim_sunds\" width=\"300\" height=\"225\" srcset=\"https:\/\/ghazoot.se\/wp-content\/uploads\/2014\/03\/qash_bir_bim_sunds-300x225.jpg 300w, https:\/\/ghazoot.se\/wp-content\/uploads\/2014\/03\/qash_bir_bim_sunds.jpg 700w\" sizes=\"auto, (max-width: 300px) 100vw, 300px\" \/><\/a>&amp; Ghazoot Baqilah CERT BIM\/BOS<br \/>\nGhazoot Baqiir bh-2\/bm-2<br \/>\n<a href=\"http:\/\/ghazoot.se\/wp-content\/uploads\/2014\/03\/qash_bis_3_sunds2012.jpg\"><img loading=\"lazy\" decoding=\"async\" class=\"size-medium wp-image-1213 aligncenter\" src=\"http:\/\/ghazoot.se\/wp-content\/uploads\/2014\/03\/qash_bis_3_sunds2012-300x305.jpg\" alt=\"qash_bis_3_sunds2012\" width=\"300\" height=\"305\" srcset=\"https:\/\/ghazoot.se\/wp-content\/uploads\/2014\/03\/qash_bis_3_sunds2012-300x305.jpg 300w, https:\/\/ghazoot.se\/wp-content\/uploads\/2014\/03\/qash_bis_3_sunds2012.jpg 700w\" sizes=\"auto, (max-width: 300px) 100vw, 300px\" \/><\/a><\/h4>\n<h4 style=\"text-align: center;\">Ghazoot Barqash\u00a0BIS-3<\/h4>\n<h4 style=\"text-align: center;\">Barqash &amp; Baqilah BIS-1 B\u00e4sta par\/ Best brace<br \/>\n<a href=\"http:\/\/ghazoot.se\/wp-content\/uploads\/2014\/03\/bis_par_2012.jpg\"><img loading=\"lazy\" decoding=\"async\" class=\"size-medium wp-image-1226 aligncenter\" src=\"http:\/\/ghazoot.se\/wp-content\/uploads\/2014\/03\/bis_par_2012-300x279.jpg\" alt=\"bis_par_2012\" width=\"300\" height=\"279\" srcset=\"https:\/\/ghazoot.se\/wp-content\/uploads\/2014\/03\/bis_par_2012-300x279.jpg 300w, https:\/\/ghazoot.se\/wp-content\/uploads\/2014\/03\/bis_par_2012.jpg 700w\" sizes=\"auto, (max-width: 300px) 100vw, 300px\" \/><\/a><\/h4>\n<hr style=\"width: 500px;\" width=\"500\" \/>\n<h4 style=\"text-align: center;\">2012-03-11 Birmingham CRUFT`S<br \/>\n<img loading=\"lazy\" decoding=\"async\" class=\"alignnone size-full wp-image-1236\" src=\"http:\/\/ghazoot.se\/wp-content\/uploads\/2014\/03\/blinkstern1.gif\" alt=\"blinkstern1\" width=\"32\" height=\"32\" \/>\u00a0Ghazoot Baqilah BOB\u00a0<img loading=\"lazy\" decoding=\"async\" class=\"alignnone size-full wp-image-1236\" src=\"http:\/\/ghazoot.se\/wp-content\/uploads\/2014\/03\/blinkstern1.gif\" alt=\"blinkstern1\" width=\"32\" height=\"32\" \/><br \/>\n<span style=\"font-size: 12px;\"><a href=\"http:\/\/ghazoot.se\/wp-content\/uploads\/2014\/03\/BOB_crufts_2012.jpg\"><img loading=\"lazy\" decoding=\"async\" class=\"size-medium wp-image-1228 aligncenter\" src=\"http:\/\/ghazoot.se\/wp-content\/uploads\/2014\/03\/BOB_crufts_2012-300x199.jpg\" alt=\"BOB_crufts_2012\" width=\"300\" height=\"199\" srcset=\"https:\/\/ghazoot.se\/wp-content\/uploads\/2014\/03\/BOB_crufts_2012-300x199.jpg 300w, https:\/\/ghazoot.se\/wp-content\/uploads\/2014\/03\/BOB_crufts_2012-700x466.jpg 700w, https:\/\/ghazoot.se\/wp-content\/uploads\/2014\/03\/BOB_crufts_2012.jpg 800w\" sizes=\"auto, (max-width: 300px) 100vw, 300px\" \/><\/a><\/span>Photo Margaretha Gelius<br \/>\n<a href=\"http:\/\/ghazoot.se\/wp-content\/uploads\/2014\/03\/Qilah_bir_crufts1.jpg\"><img loading=\"lazy\" decoding=\"async\" class=\"size-medium wp-image-1217 aligncenter\" src=\"http:\/\/ghazoot.se\/wp-content\/uploads\/2014\/03\/Qilah_bir_crufts1-300x265.jpg\" alt=\"Qilah_bir_crufts1\" width=\"300\" height=\"265\" srcset=\"https:\/\/ghazoot.se\/wp-content\/uploads\/2014\/03\/Qilah_bir_crufts1-300x265.jpg 300w, https:\/\/ghazoot.se\/wp-content\/uploads\/2014\/03\/Qilah_bir_crufts1.jpg 700w\" sizes=\"auto, (max-width: 300px) 100vw, 300px\" \/><\/a><\/h4>\n<h4 style=\"text-align: center;\"><span style=\"font-size: 12px;\">Shortlisted in the group<\/span><\/h4>\n<h4 style=\"text-align: center;\">Photo Maria Weinehall<br \/>\n<img loading=\"lazy\" decoding=\"async\" class=\"alignnone size-full wp-image-1236\" src=\"http:\/\/ghazoot.se\/wp-content\/uploads\/2014\/03\/blinkstern1.gif\" alt=\"blinkstern1\" width=\"32\" height=\"32\" \/>\u00a0Ghazoot Baqiir R-best male (2a b\u00e4sta hane)<strong> <img loading=\"lazy\" decoding=\"async\" class=\"alignnone size-full wp-image-1236\" src=\"http:\/\/ghazoot.se\/wp-content\/uploads\/2014\/03\/blinkstern1.gif\" alt=\"blinkstern1\" width=\"32\" height=\"32\" \/><br \/>\n<\/strong>Best male Kohinoor Schuru-Esch-Schams<br \/>\nPhoto M Gelius<br \/>\nJudge breed: Mr B Reynolds-Frost<\/h4>\n<h4 style=\"text-align: center;\">Ghazoot Baqiir 2 bh Cruft\u00b4s Best reserve dog!<br \/>\n<a href=\"http:\/\/ghazoot.se\/wp-content\/uploads\/2014\/03\/baqiir_2_bh_crufts.jpg\"><img loading=\"lazy\" decoding=\"async\" class=\"size-medium wp-image-1199 aligncenter\" src=\"http:\/\/ghazoot.se\/wp-content\/uploads\/2014\/03\/baqiir_2_bh_crufts-300x230.jpg\" alt=\"baqiir_2_bh_crufts\" width=\"300\" height=\"230\" srcset=\"https:\/\/ghazoot.se\/wp-content\/uploads\/2014\/03\/baqiir_2_bh_crufts-300x230.jpg 300w, https:\/\/ghazoot.se\/wp-content\/uploads\/2014\/03\/baqiir_2_bh_crufts-700x538.jpg 700w, https:\/\/ghazoot.se\/wp-content\/uploads\/2014\/03\/baqiir_2_bh_crufts.jpg 800w\" sizes=\"auto, (max-width: 300px) 100vw, 300px\" \/><\/a><\/h4>\n<hr style=\"width: 500px;\" width=\"500\" \/>\n<h4 style=\"text-align: center;\">2012-02-25 SVVK K\u00f6ping<strong><br \/>\n<\/strong>Ghazoot Bashira BOB BIS-4 youngster<br \/>\nJudje: Regina Tromp Prujin<\/h4>\n<hr style=\"width: 500px;\" width=\"500\" \/>\n<h4 style=\"text-align: center;\">My Dog 2012<br \/>\n\u00c5rets f\u00f6rsta utst\u00e4llning bj\u00f6d p\u00e5 BIR x2 f\u00f6r Ghazoot Bashira<\/h4>\n","protected":false},"excerpt":{"rendered":"<p>10\/12-2012 Stockholm Int. All breed Swedish winnershow BOB Ch Al Suwiid Benazir BOS Ch Ghazoot Bashshar Judge: Rudi Brant 2 best male Ch Ghazoot Baqiir 3 best male Ch Ghazoot Barqash 2 best bitch Ch Ghazoot Baqilah 2012-11-24 Lillestr\u00f6m Norwey Ch Ghazoot Baqiir BOB &amp; Ch Ghazoot Baqilah BOS Both new Norweigan champions &amp; Vinner!! [&hellip;]<\/p>\n","protected":false},"author":1,"featured_media":0,"parent":0,"menu_order":0,"comment_status":"closed","ping_status":"open","template":"","meta":{"footnotes":""},"class_list":["post-551","page","type-page","status-publish","hentry"],"_links":{"self":[{"href":"https:\/\/ghazoot.se\/index.php?rest_route=\/wp\/v2\/pages\/551","targetHints":{"allow":["GET"]}}],"collection":[{"href":"https:\/\/ghazoot.se\/index.php?rest_route=\/wp\/v2\/pages"}],"about":[{"href":"https:\/\/ghazoot.se\/index.php?rest_route=\/wp\/v2\/types\/page"}],"author":[{"embeddable":true,"href":"https:\/\/ghazoot.se\/index.php?rest_route=\/wp\/v2\/users\/1"}],"replies":[{"embeddable":true,"href":"https:\/\/ghazoot.se\/index.php?rest_route=%2Fwp%2Fv2%2Fcomments&post=551"}],"version-history":[{"count":43,"href":"https:\/\/ghazoot.se\/index.php?rest_route=\/wp\/v2\/pages\/551\/revisions"}],"predecessor-version":[{"id":4366,"href":"https:\/\/ghazoot.se\/index.php?rest_route=\/wp\/v2\/pages\/551\/revisions\/4366"}],"wp:attachment":[{"href":"https:\/\/ghazoot.se\/index.php?rest_route=%2Fwp%2Fv2%2Fmedia&parent=551"}],"curies":[{"name":"wp","href":"https:\/\/api.w.org\/{rel}","templated":true}]}}