{"id":5613,"date":"2021-11-01T11:19:36","date_gmt":"2021-11-01T10:19:36","guid":{"rendered":"http:\/\/ghazoot.se\/?page_id=5613"},"modified":"2022-02-24T13:26:18","modified_gmt":"2022-02-24T12:26:18","slug":"2021-2","status":"publish","type":"page","link":"https:\/\/ghazoot.se\/?page_id=5613","title":{"rendered":"News 2021"},"content":{"rendered":"<h4 style=\"text-align: center;\">17 augusti 2021<br \/>\nWe welcome our new familymember:<br \/>\nJean Dark Your Little Secret<\/h4>\n<h4 style=\"text-align: center;\"><img loading=\"lazy\" decoding=\"async\" class=\"size-medium wp-image-5585 aligncenter\" src=\"http:\/\/ghazoot.se\/wp-content\/uploads\/2021\/10\/238324564_927560687848677_2386643781447299358_n-1-300x448.jpg\" alt=\"\" width=\"300\" height=\"448\" srcset=\"https:\/\/ghazoot.se\/wp-content\/uploads\/2021\/10\/238324564_927560687848677_2386643781447299358_n-1-300x448.jpg 300w, https:\/\/ghazoot.se\/wp-content\/uploads\/2021\/10\/238324564_927560687848677_2386643781447299358_n-1.jpg 502w\" sizes=\"auto, (max-width: 300px) 100vw, 300px\" \/><br \/>\nPhoto Felicia Lemmeke<br \/>\nThank you Jeanett &amp; Felicia Lemmeke for this little girl<\/h4>\n<h4 style=\"text-align: center;\">18 Juli 2021<br \/>\nSKK Nordic all breed show<br \/>\nJean Dark Ups A Daisy<br \/>\n<img loading=\"lazy\" decoding=\"async\" class=\"alignnone size-medium wp-image-5620\" src=\"http:\/\/ghazoot.se\/wp-content\/uploads\/2021\/11\/218781067_10158728018292362_5465256104075317145_n-300x203.jpg\" alt=\"\" width=\"300\" height=\"203\" srcset=\"https:\/\/ghazoot.se\/wp-content\/uploads\/2021\/11\/218781067_10158728018292362_5465256104075317145_n-300x203.jpg 300w, https:\/\/ghazoot.se\/wp-content\/uploads\/2021\/11\/218781067_10158728018292362_5465256104075317145_n-800x541.jpg 800w, https:\/\/ghazoot.se\/wp-content\/uploads\/2021\/11\/218781067_10158728018292362_5465256104075317145_n-768x519.jpg 768w, https:\/\/ghazoot.se\/wp-content\/uploads\/2021\/11\/218781067_10158728018292362_5465256104075317145_n-700x473.jpg 700w, https:\/\/ghazoot.se\/wp-content\/uploads\/2021\/11\/218781067_10158728018292362_5465256104075317145_n.jpg 1440w\" sizes=\"auto, (max-width: 300px) 100vw, 300px\" \/><br \/>\nPhoto: Felicia Lemmeke<br \/>\n2 Juniorclass reserv-CC Excellent<br \/>\n4 best female<br \/>\nJudge: Nina Karlsdotter<\/h4>\n<h4 style=\"text-align: center;\">17 Juli 2021<br \/>\nSDHK K\u00f6ping<br \/>\nJean Dark Ups A Daisy<br \/>\n2 UKL Excellent<br \/>\nJudge: Carina Rapp Andersson<\/h4>\n<h4 style=\"text-align: center;\">5 juni 2021<br \/>\nR\u00e4ttvik Exteri\u00f6rbed\u00f6mning Exc. CK<br \/>\nJean Dark Ups A Daisy<\/h4>\n<h4 style=\"text-align: center;\"><img loading=\"lazy\" decoding=\"async\" class=\"size-medium wp-image-5618 aligncenter\" src=\"http:\/\/ghazoot.se\/wp-content\/uploads\/2021\/11\/251568837_570490664256468_2364633581109959250_n-300x169.jpg\" alt=\"\" width=\"300\" height=\"169\" srcset=\"https:\/\/ghazoot.se\/wp-content\/uploads\/2021\/11\/251568837_570490664256468_2364633581109959250_n-300x169.jpg 300w, https:\/\/ghazoot.se\/wp-content\/uploads\/2021\/11\/251568837_570490664256468_2364633581109959250_n-800x450.jpg 800w, https:\/\/ghazoot.se\/wp-content\/uploads\/2021\/11\/251568837_570490664256468_2364633581109959250_n-768x432.jpg 768w, https:\/\/ghazoot.se\/wp-content\/uploads\/2021\/11\/251568837_570490664256468_2364633581109959250_n-700x393.jpg 700w, https:\/\/ghazoot.se\/wp-content\/uploads\/2021\/11\/251568837_570490664256468_2364633581109959250_n.jpg 1024w\" sizes=\"auto, (max-width: 300px) 100vw, 300px\" \/><br \/>\nPhoto Christine Hall<br \/>\nJudge: Nina Karlsdotter<\/h4>\n","protected":false},"excerpt":{"rendered":"<p>17 augusti 2021 We welcome our new familymember: Jean Dark Your Little Secret Photo Felicia Lemmeke Thank you Jeanett &amp; Felicia Lemmeke for this little girl 18 Juli 2021 SKK Nordic all breed show Jean Dark Ups A Daisy Photo: Felicia Lemmeke 2 Juniorclass reserv-CC Excellent 4 best female Judge: Nina Karlsdotter 17 Juli 2021 [&hellip;]<\/p>\n","protected":false},"author":1,"featured_media":0,"parent":0,"menu_order":0,"comment_status":"closed","ping_status":"closed","template":"","meta":{"footnotes":""},"class_list":["post-5613","page","type-page","status-publish","hentry"],"_links":{"self":[{"href":"https:\/\/ghazoot.se\/index.php?rest_route=\/wp\/v2\/pages\/5613","targetHints":{"allow":["GET"]}}],"collection":[{"href":"https:\/\/ghazoot.se\/index.php?rest_route=\/wp\/v2\/pages"}],"about":[{"href":"https:\/\/ghazoot.se\/index.php?rest_route=\/wp\/v2\/types\/page"}],"author":[{"embeddable":true,"href":"https:\/\/ghazoot.se\/index.php?rest_route=\/wp\/v2\/users\/1"}],"replies":[{"embeddable":true,"href":"https:\/\/ghazoot.se\/index.php?rest_route=%2Fwp%2Fv2%2Fcomments&post=5613"}],"version-history":[{"count":5,"href":"https:\/\/ghazoot.se\/index.php?rest_route=\/wp\/v2\/pages\/5613\/revisions"}],"predecessor-version":[{"id":5665,"href":"https:\/\/ghazoot.se\/index.php?rest_route=\/wp\/v2\/pages\/5613\/revisions\/5665"}],"wp:attachment":[{"href":"https:\/\/ghazoot.se\/index.php?rest_route=%2Fwp%2Fv2%2Fmedia&parent=5613"}],"curies":[{"name":"wp","href":"https:\/\/api.w.org\/{rel}","templated":true}]}}