{"id":933,"date":"2014-02-16T15:56:54","date_gmt":"2014-02-16T14:56:54","guid":{"rendered":"http:\/\/ghazoot.se\/wp\/wordpress\/?page_id=933"},"modified":"2015-09-06T15:33:09","modified_gmt":"2015-09-06T13:33:09","slug":"nyheter-2009","status":"publish","type":"page","link":"https:\/\/ghazoot.se\/?page_id=933","title":{"rendered":"Nyheter 2009"},"content":{"rendered":"<h4 style=\"text-align: center;\">HUND 2009<br \/>\nCH Ghazoot Al Ariiz BIM<br \/>\n<a href=\"http:\/\/ghazoot.se\/wp-content\/uploads\/2014\/03\/bim_ariiz09.jpg\"><img loading=\"lazy\" decoding=\"async\" class=\"aligncenter wp-image-1313 size-medium\" src=\"http:\/\/ghazoot.se\/wp-content\/uploads\/2014\/03\/bim_ariiz09-300x187.jpg\" alt=\"bim_ariiz09\" width=\"300\" height=\"187\" srcset=\"https:\/\/ghazoot.se\/wp-content\/uploads\/2014\/03\/bim_ariiz09-300x187.jpg 300w, https:\/\/ghazoot.se\/wp-content\/uploads\/2014\/03\/bim_ariiz09.jpg 500w\" sizes=\"auto, (max-width: 300px) 100vw, 300px\" \/><\/a><\/h4>\n<h4 style=\"text-align: center;\">Foto Elin Rose<\/h4>\n<hr style=\"width: 500px;\" width=\"500\" \/>\n<h4 style=\"text-align: center;\">28\/11 Lillstr\u00f6m Norge!<\/h4>\n<h4 style=\"text-align: center;\">Xanni Norsk Vinnare Norsk champion och BIM, Ghania BIR veteran 4 bt!<br \/>\n<a href=\"http:\/\/ghazoot.se\/wp-content\/uploads\/2014\/03\/bir_bim_norge09.jpg\"><img loading=\"lazy\" decoding=\"async\" class=\"size-medium wp-image-1310 aligncenter\" src=\"http:\/\/ghazoot.se\/wp-content\/uploads\/2014\/03\/bir_bim_norge09-300x200.jpg\" alt=\"bir_bim_norge09\" width=\"300\" height=\"200\" srcset=\"https:\/\/ghazoot.se\/wp-content\/uploads\/2014\/03\/bir_bim_norge09-300x200.jpg 300w, https:\/\/ghazoot.se\/wp-content\/uploads\/2014\/03\/bir_bim_norge09.jpg 700w\" sizes=\"auto, (max-width: 300px) 100vw, 300px\" \/><\/a><\/h4>\n<hr style=\"width: 500px;\" width=\"500\" \/>\n<h4 style=\"text-align: center;\">SVVK V\u00e4ster\u00e5s &#8221;Skokloster summershow&#8221; 25-26 July<\/h4>\n<h4 style=\"text-align: center;\">Xanni BIR \/ BOB<br \/>\n<a href=\"http:\/\/ghazoot.se\/wp-content\/uploads\/2014\/03\/xanni_bir_svvk1.jpg\"><img loading=\"lazy\" decoding=\"async\" class=\"size-medium wp-image-1314 aligncenter\" src=\"http:\/\/ghazoot.se\/wp-content\/uploads\/2014\/03\/xanni_bir_svvk1-300x244.jpg\" alt=\"xanni_bir_svvk\" width=\"300\" height=\"244\" srcset=\"https:\/\/ghazoot.se\/wp-content\/uploads\/2014\/03\/xanni_bir_svvk1-300x244.jpg 300w, https:\/\/ghazoot.se\/wp-content\/uploads\/2014\/03\/xanni_bir_svvk1.jpg 400w\" sizes=\"auto, (max-width: 300px) 100vw, 300px\" \/><\/a><\/h4>\n<h4 style=\"text-align: center;\">Ghania B\u00e4sta tik 2 \/ Best bitch 2, BIR\/BOB Veteran<br \/>\n<a href=\"http:\/\/ghazoot.se\/wp-content\/uploads\/2014\/03\/ghaniabirvet_svvk.jpg\"><img loading=\"lazy\" decoding=\"async\" class=\"size-medium wp-image-1317 aligncenter\" src=\"http:\/\/ghazoot.se\/wp-content\/uploads\/2014\/03\/ghaniabirvet_svvk-300x200.jpg\" alt=\"ghaniabirvet_svvk\" width=\"300\" height=\"200\" srcset=\"https:\/\/ghazoot.se\/wp-content\/uploads\/2014\/03\/ghaniabirvet_svvk-300x200.jpg 300w, https:\/\/ghazoot.se\/wp-content\/uploads\/2014\/03\/ghaniabirvet_svvk.jpg 400w\" sizes=\"auto, (max-width: 300px) 100vw, 300px\" \/><\/a><\/h4>\n<h4 style=\"text-align: center;\">Foto \/ Photo Morgan Gelius<\/h4>\n<hr style=\"width: 500px;\" width=\"500\" \/>\n<h4 style=\"text-align: center;\">T\u00e5nga Hed<\/h4>\n<h4 style=\"text-align: center;\">2009-06-13-14<\/h4>\n<h4 style=\"text-align: center;\">Min egen uppf\u00f6dda Zion BIR BIS-2<br \/>\n<a href=\"http:\/\/ghazoot.se\/wp-content\/uploads\/2014\/03\/bis_tangahed.jpg\"><img loading=\"lazy\" decoding=\"async\" class=\"size-medium wp-image-1311 aligncenter\" src=\"http:\/\/ghazoot.se\/wp-content\/uploads\/2014\/03\/bis_tangahed-300x171.jpg\" alt=\"bis_tangahed\" width=\"300\" height=\"171\" srcset=\"https:\/\/ghazoot.se\/wp-content\/uploads\/2014\/03\/bis_tangahed-300x171.jpg 300w, https:\/\/ghazoot.se\/wp-content\/uploads\/2014\/03\/bis_tangahed.jpg 500w\" sizes=\"auto, (max-width: 300px) 100vw, 300px\" \/><\/a>med\u00a0glad handler, Stefan i kopplet!<br \/>\nGrattis!!<\/h4>\n<h4 style=\"text-align: center;\">Azii 2 best male Azsk special. Judge Lotta Brun.<br \/>\n<a href=\"http:\/\/ghazoot.se\/wp-content\/uploads\/2014\/03\/azii_lordag3.jpg\"><img loading=\"lazy\" decoding=\"async\" class=\"size-medium wp-image-1319 aligncenter\" src=\"http:\/\/ghazoot.se\/wp-content\/uploads\/2014\/03\/azii_lordag3-300x291.jpg\" alt=\"azii_lordag3\" width=\"300\" height=\"291\" srcset=\"https:\/\/ghazoot.se\/wp-content\/uploads\/2014\/03\/azii_lordag3-300x291.jpg 300w, https:\/\/ghazoot.se\/wp-content\/uploads\/2014\/03\/azii_lordag3.jpg 400w\" sizes=\"auto, (max-width: 300px) 100vw, 300px\" \/><\/a><\/h4>\n<h4 style=\"text-align: center;\">Xanni 2 best bitch saturday Svvk<\/h4>\n<h4 style=\"text-align: center;\">4 best bitch sunday Azsk!<\/h4>\n<h4 style=\"text-align: center;\"><span style=\"font-family: Oswald, sans-serif; font-size: 18px; line-height: 1.62em;\">Best head &amp; expression!<br \/>\n<\/span>Azii!<br \/>\n<a href=\"http:\/\/ghazoot.se\/wp-content\/uploads\/2014\/03\/azii_bast_huv2.jpg\"><img loading=\"lazy\" decoding=\"async\" class=\"size-medium wp-image-1320 aligncenter\" src=\"http:\/\/ghazoot.se\/wp-content\/uploads\/2014\/03\/azii_bast_huv2-300x186.jpg\" alt=\"azii_bast_huv2\" width=\"300\" height=\"186\" srcset=\"https:\/\/ghazoot.se\/wp-content\/uploads\/2014\/03\/azii_bast_huv2-300x186.jpg 300w, https:\/\/ghazoot.se\/wp-content\/uploads\/2014\/03\/azii_bast_huv2-332x205.jpg 332w, https:\/\/ghazoot.se\/wp-content\/uploads\/2014\/03\/azii_bast_huv2.jpg 500w\" sizes=\"auto, (max-width: 300px) 100vw, 300px\" \/><\/a><\/h4>\n<h4 style=\"text-align: center;\">Ghania best movement!<br \/>\n<a href=\"http:\/\/ghazoot.se\/wp-content\/uploads\/2014\/03\/ghania_sond2.jpg\"><img loading=\"lazy\" decoding=\"async\" class=\"size-medium wp-image-1323 aligncenter\" src=\"http:\/\/ghazoot.se\/wp-content\/uploads\/2014\/03\/ghania_sond2-300x289.jpg\" alt=\"ghania_sond2\" width=\"300\" height=\"289\" srcset=\"https:\/\/ghazoot.se\/wp-content\/uploads\/2014\/03\/ghania_sond2-300x289.jpg 300w, https:\/\/ghazoot.se\/wp-content\/uploads\/2014\/03\/ghania_sond2.jpg 400w\" sizes=\"auto, (max-width: 300px) 100vw, 300px\" \/><\/a><\/h4>\n<h4 style=\"text-align: center;\">Ghania och Azii best brace!<br \/>\n<a href=\"http:\/\/ghazoot.se\/wp-content\/uploads\/2014\/03\/bast_par.jpg\"><img loading=\"lazy\" decoding=\"async\" class=\"size-medium wp-image-1325 aligncenter\" src=\"http:\/\/ghazoot.se\/wp-content\/uploads\/2014\/03\/bast_par-300x274.jpg\" alt=\"bast_par\" width=\"300\" height=\"274\" srcset=\"https:\/\/ghazoot.se\/wp-content\/uploads\/2014\/03\/bast_par-300x274.jpg 300w, https:\/\/ghazoot.se\/wp-content\/uploads\/2014\/03\/bast_par.jpg 400w\" sizes=\"auto, (max-width: 300px) 100vw, 300px\" \/><\/a><\/h4>\n<hr style=\"width: 500px;\" width=\"500\" \/>\n<h4 style=\"text-align: center;\">Norrk\u00f6ping 6 juni Eev BIM med cert!!<\/h4>\n<h4 style=\"text-align: center;\">Domare Jahn St\u00e4\u00e4v<br \/>\nXanni 2 bt<br \/>\ndomare Marie-Eli Klepp<\/h4>\n<hr style=\"width: 500px;\" width=\"500\" \/>\n<h4 style=\"text-align: center;\"><\/h4>\n<h4 style=\"text-align: center;\">Myran och Xanni i licenslopp!! Godk\u00e4nt!!<\/h4>\n<h4 style=\"text-align: center;\"><a href=\"http:\/\/ghazoot.se\/wp-content\/uploads\/2014\/03\/xanni_myran_licens1.jpg\"><img loading=\"lazy\" decoding=\"async\" class=\"size-medium wp-image-1312 aligncenter\" src=\"http:\/\/ghazoot.se\/wp-content\/uploads\/2014\/03\/xanni_myran_licens1-300x127.jpg\" alt=\"xanni_myran_licens1\" width=\"300\" height=\"127\" srcset=\"https:\/\/ghazoot.se\/wp-content\/uploads\/2014\/03\/xanni_myran_licens1-300x127.jpg 300w, https:\/\/ghazoot.se\/wp-content\/uploads\/2014\/03\/xanni_myran_licens1.jpg 500w\" sizes=\"auto, (max-width: 300px) 100vw, 300px\" \/><\/a><\/h4>\n<h4 style=\"text-align: center;\">Vem sa att inte Azii kan??<br \/>\n<a href=\"http:\/\/ghazoot.se\/wp-content\/uploads\/2014\/03\/azii_lc1.jpg\"><img loading=\"lazy\" decoding=\"async\" class=\"alignnone size-medium wp-image-1326\" src=\"http:\/\/ghazoot.se\/wp-content\/uploads\/2014\/03\/azii_lc1-300x204.jpg\" alt=\"azii_lc1\" width=\"300\" height=\"204\" srcset=\"https:\/\/ghazoot.se\/wp-content\/uploads\/2014\/03\/azii_lc1-300x204.jpg 300w, https:\/\/ghazoot.se\/wp-content\/uploads\/2014\/03\/azii_lc1.jpg 500w\" sizes=\"auto, (max-width: 300px) 100vw, 300px\" \/><\/a><\/h4>\n<hr style=\"width: 500px;\" width=\"500\" \/>\n<h4 style=\"text-align: center;\">R\u00e4ttvik inoff. Tr\u00e4ning f\u00f6r riktig utst\u00e4llning!<br \/>\n<a href=\"http:\/\/ghazoot.se\/wp-content\/uploads\/2014\/03\/azii_rattvik09.jpg\"><img loading=\"lazy\" decoding=\"async\" class=\"size-medium wp-image-1327 aligncenter\" src=\"http:\/\/ghazoot.se\/wp-content\/uploads\/2014\/03\/azii_rattvik09-300x265.jpg\" alt=\"azii_rattvik09\" width=\"300\" height=\"265\" srcset=\"https:\/\/ghazoot.se\/wp-content\/uploads\/2014\/03\/azii_rattvik09-300x265.jpg 300w, https:\/\/ghazoot.se\/wp-content\/uploads\/2014\/03\/azii_rattvik09.jpg 500w\" sizes=\"auto, (max-width: 300px) 100vw, 300px\" \/><\/a><\/h4>\n<h4 style=\"text-align: center;\">Azii b\u00e4sta hane! Han var j\u00e4tteduktig.<br \/>\nEn g\u00e5ng tidigare \u00e4r han st\u00e4lld, d\u00e5 kunde han inte st\u00e5 still,<br \/>\noch domaren fick inte ta i honom. Det var p\u00e5 AZSK f\u00f6r n\u00e5gra \u00e5r sedan.<\/h4>\n<h4 style=\"text-align: center;\">Det gick \u00e4nd\u00e5 b\u00e4ttre f\u00f6r Xanni! (fniss)<br \/>\nBIR &amp; BIG1!<br \/>\n<a href=\"http:\/\/ghazoot.se\/wp-content\/uploads\/2014\/03\/xanni_big1rattvik.jpg\"><img loading=\"lazy\" decoding=\"async\" class=\"size-medium wp-image-1329 aligncenter\" src=\"http:\/\/ghazoot.se\/wp-content\/uploads\/2014\/03\/xanni_big1rattvik-300x281.jpg\" alt=\"xanni_big1rattvik\" width=\"300\" height=\"281\" srcset=\"https:\/\/ghazoot.se\/wp-content\/uploads\/2014\/03\/xanni_big1rattvik-300x281.jpg 300w, https:\/\/ghazoot.se\/wp-content\/uploads\/2014\/03\/xanni_big1rattvik.jpg 500w\" sizes=\"auto, (max-width: 300px) 100vw, 300px\" \/><\/a><\/h4>\n","protected":false},"excerpt":{"rendered":"<p>HUND 2009 CH Ghazoot Al Ariiz BIM Foto Elin Rose 28\/11 Lillstr\u00f6m Norge! Xanni Norsk Vinnare Norsk champion och BIM, Ghania BIR veteran 4 bt! SVVK V\u00e4ster\u00e5s &#8221;Skokloster summershow&#8221; 25-26 July Xanni BIR \/ BOB Ghania B\u00e4sta tik 2 \/ Best bitch 2, BIR\/BOB Veteran Foto \/ Photo Morgan Gelius T\u00e5nga Hed 2009-06-13-14 Min egen [&hellip;]<\/p>\n","protected":false},"author":1,"featured_media":0,"parent":0,"menu_order":0,"comment_status":"closed","ping_status":"open","template":"","meta":{"footnotes":""},"class_list":["post-933","page","type-page","status-publish","hentry"],"_links":{"self":[{"href":"https:\/\/ghazoot.se\/index.php?rest_route=\/wp\/v2\/pages\/933","targetHints":{"allow":["GET"]}}],"collection":[{"href":"https:\/\/ghazoot.se\/index.php?rest_route=\/wp\/v2\/pages"}],"about":[{"href":"https:\/\/ghazoot.se\/index.php?rest_route=\/wp\/v2\/types\/page"}],"author":[{"embeddable":true,"href":"https:\/\/ghazoot.se\/index.php?rest_route=\/wp\/v2\/users\/1"}],"replies":[{"embeddable":true,"href":"https:\/\/ghazoot.se\/index.php?rest_route=%2Fwp%2Fv2%2Fcomments&post=933"}],"version-history":[{"count":13,"href":"https:\/\/ghazoot.se\/index.php?rest_route=\/wp\/v2\/pages\/933\/revisions"}],"predecessor-version":[{"id":4373,"href":"https:\/\/ghazoot.se\/index.php?rest_route=\/wp\/v2\/pages\/933\/revisions\/4373"}],"wp:attachment":[{"href":"https:\/\/ghazoot.se\/index.php?rest_route=%2Fwp%2Fv2%2Fmedia&parent=933"}],"curies":[{"name":"wp","href":"https:\/\/api.w.org\/{rel}","templated":true}]}}