{"id":950,"date":"2014-02-16T17:09:39","date_gmt":"2014-02-16T16:09:39","guid":{"rendered":"http:\/\/ghazoot.se\/wp\/wordpress\/?page_id=950"},"modified":"2015-09-06T15:35:05","modified_gmt":"2015-09-06T13:35:05","slug":"nyheter-2008","status":"publish","type":"page","link":"https:\/\/ghazoot.se\/?page_id=950","title":{"rendered":"Nyheter 2008"},"content":{"rendered":"<h4 style=\"text-align: center;\">Sundsvall 11 okt SKK Int.<br \/>\nXanni BIR\/BOB CACIB<br \/>\nDomare \/ judge Eva Ekstam<br \/>\n<a href=\"http:\/\/ghazoot.se\/wp-content\/uploads\/2014\/03\/xanni_bir_sundsvall1.gif\"><img loading=\"lazy\" decoding=\"async\" class=\"alignnone wp-image-1347 size-medium\" src=\"http:\/\/ghazoot.se\/wp-content\/uploads\/2014\/03\/xanni_bir_sundsvall1-300x260.gif\" alt=\"xanni_bir_sundsvall\" width=\"300\" height=\"260\" \/><\/a><\/h4>\n<h4 style=\"text-align: center;\">\u00a0Eev BIM\/Best female Cert \/ CC<br \/>\n<a href=\"http:\/\/ghazoot.se\/wp-content\/uploads\/2014\/03\/eev_sundsvall.jpg\"><img loading=\"lazy\" decoding=\"async\" class=\"alignnone wp-image-1343 size-medium\" src=\"http:\/\/ghazoot.se\/wp-content\/uploads\/2014\/03\/eev_sundsvall-300x220.jpg\" alt=\"eev_sundsvall\" width=\"300\" height=\"220\" srcset=\"https:\/\/ghazoot.se\/wp-content\/uploads\/2014\/03\/eev_sundsvall-300x220.jpg 300w, https:\/\/ghazoot.se\/wp-content\/uploads\/2014\/03\/eev_sundsvall.jpg 500w\" sizes=\"auto, (max-width: 300px) 100vw, 300px\" \/><\/a><\/h4>\n<h4 style=\"text-align: center;\">Domare \/ judge Petter Fodstad, Norge<\/h4>\n<hr style=\"width: 500px;\" width=\"500\" \/>\n<h4 style=\"text-align: center;\">\u00a0B\u00f6da \u00d6land 2008-09-06<\/h4>\n<h4 style=\"text-align: center;\">WW-08 Ch Xanni BIR\/BOB<br \/>\nCh Ghania 2 bt \/ 2 best bitch<br \/>\n*<\/h4>\n<h4 style=\"text-align: center;\"><span style=\"font-family: Oswald, sans-serif; font-size: 18px; line-height: 1.62em;\">2008-09-06\u00a0<\/span>H\u00f6gbobruk<br \/>\nEev 2 bt\/2 bf Cert (52 i rasen!!)<br \/>\n<a href=\"http:\/\/ghazoot.se\/wp-content\/uploads\/2014\/02\/eev_svensta.jpg\"><img loading=\"lazy\" decoding=\"async\" class=\"alignnone wp-image-1348 size-medium\" src=\"http:\/\/ghazoot.se\/wp-content\/uploads\/2014\/02\/eev_svensta-300x275.jpg\" alt=\"eev_svensta\" width=\"300\" height=\"275\" srcset=\"https:\/\/ghazoot.se\/wp-content\/uploads\/2014\/02\/eev_svensta-300x275.jpg 300w, https:\/\/ghazoot.se\/wp-content\/uploads\/2014\/02\/eev_svensta.jpg 373w\" sizes=\"auto, (max-width: 300px) 100vw, 300px\" \/><\/a><\/h4>\n<h4 style=\"text-align: center;\">Eev 10 M\u00e5n\/month<br \/>\nFoto: Sara W<\/h4>\n<hr style=\"width: 500px;\" width=\"500\" \/>\n<h4 style=\"text-align: center;\">World dog show 2008<\/h4>\n<h4 style=\"text-align: center;\">Xanni v\u00e4rldsvinnare med Cacib \/World Winner<br \/>\n<a href=\"http:\/\/ghazoot.se\/wp-content\/uploads\/2014\/03\/ww_xanni_081.jpg\"><img loading=\"lazy\" decoding=\"async\" class=\"alignnone wp-image-1344 size-medium\" src=\"http:\/\/ghazoot.se\/wp-content\/uploads\/2014\/03\/ww_xanni_081-300x208.jpg\" alt=\"ww_xanni_08\" width=\"300\" height=\"208\" srcset=\"https:\/\/ghazoot.se\/wp-content\/uploads\/2014\/03\/ww_xanni_081-300x208.jpg 300w, https:\/\/ghazoot.se\/wp-content\/uploads\/2014\/03\/ww_xanni_081.jpg 500w\" sizes=\"auto, (max-width: 300px) 100vw, 300px\" \/><\/a><\/h4>\n<h4 style=\"text-align: center;\">\u00a0Tirith vetaran v\u00e4rldsvinnare \/ Veteran Wold Winner<br \/>\n<a href=\"http:\/\/ghazoot.se\/wp-content\/uploads\/2014\/02\/tirith_lotta2.jpg\"><img loading=\"lazy\" decoding=\"async\" class=\"alignnone wp-image-1349 size-medium\" src=\"http:\/\/ghazoot.se\/wp-content\/uploads\/2014\/02\/tirith_lotta2-300x257.jpg\" alt=\"tirith_lotta2\" width=\"300\" height=\"257\" srcset=\"https:\/\/ghazoot.se\/wp-content\/uploads\/2014\/02\/tirith_lotta2-300x257.jpg 300w, https:\/\/ghazoot.se\/wp-content\/uploads\/2014\/02\/tirith_lotta2.jpg 500w\" sizes=\"auto, (max-width: 300px) 100vw, 300px\" \/><\/a><\/h4>\n<hr style=\"width: 500px;\" width=\"500\" \/>\n<h4 style=\"text-align: center;\">12\/7 V\u00e4ster\u00e5s AZSK<\/h4>\n<h4 style=\"text-align: center;\">** Xanni\u00a0<span style=\"font-family: Oswald, sans-serif; font-size: 18px; line-height: 1.62em;\">BIR \/ BOB &amp;\u00a0<\/span><span style=\"font-family: Oswald, sans-serif; font-size: 18px; line-height: 1.62em;\">BIS on Sloughi special!!**<br \/>\n<a href=\"http:\/\/ghazoot.se\/wp-content\/uploads\/2014\/03\/azskbirsl08.jpg\"><img loading=\"lazy\" decoding=\"async\" class=\"alignnone wp-image-1345 size-medium\" src=\"http:\/\/ghazoot.se\/wp-content\/uploads\/2014\/03\/azskbirsl08-300x192.jpg\" alt=\"azskbirsl08\" width=\"300\" height=\"192\" srcset=\"https:\/\/ghazoot.se\/wp-content\/uploads\/2014\/03\/azskbirsl08-300x192.jpg 300w, https:\/\/ghazoot.se\/wp-content\/uploads\/2014\/03\/azskbirsl08.jpg 496w\" sizes=\"auto, (max-width: 300px) 100vw, 300px\" \/><\/a><br \/>\n<\/span><\/h4>\n<h4 style=\"text-align: center;\">Domare \/ judge Louise M Hickie<br \/>\nBIM SUCh Tillieville Xanzi Bahr<\/h4>\n<h4 style=\"text-align: center;\">BIS-1 Xanni<\/h4>\n<h4 style=\"text-align: center;\"><a href=\"http:\/\/ghazoot.se\/wp-content\/uploads\/2014\/03\/bis_xanni_08.jpg\"><img loading=\"lazy\" decoding=\"async\" class=\"alignnone wp-image-1342 size-medium\" src=\"http:\/\/ghazoot.se\/wp-content\/uploads\/2014\/03\/bis_xanni_08-300x196.jpg\" alt=\"bis_xanni_08\" width=\"300\" height=\"196\" srcset=\"https:\/\/ghazoot.se\/wp-content\/uploads\/2014\/03\/bis_xanni_08-300x196.jpg 300w, https:\/\/ghazoot.se\/wp-content\/uploads\/2014\/03\/bis_xanni_08.jpg 504w\" sizes=\"auto, (max-width: 300px) 100vw, 300px\" \/><\/a><\/h4>\n<h4 style=\"text-align: center;\">BIS-2 SUCh Ledcameroch B&#8217;aqqal<\/h4>\n<h4 style=\"text-align: center;\">Xanni b\u00e4sta r\u00f6relser \/ best movement<\/h4>\n<h4 style=\"text-align: center;\">Ghania vann \/ won b\u00e4sta huvud &amp;<br \/>\nutrtyck \/ best head &amp; expression<br \/>\n<a href=\"http:\/\/ghazoot.se\/wp-content\/uploads\/2014\/02\/special08_slhuv.jpg\"><img loading=\"lazy\" decoding=\"async\" class=\"alignnone wp-image-1350 size-full\" src=\"http:\/\/ghazoot.se\/wp-content\/uploads\/2014\/02\/special08_slhuv.jpg\" alt=\"special08_slhuv\" width=\"197\" height=\"263\" \/><\/a><\/h4>\n<hr style=\"width: 500px;\" width=\"500\" \/>\n<h4 style=\"text-align: center;\">\u00a014-15 Juni<\/h4>\n<h4 style=\"text-align: center;\">Avesta SKK Int.<br \/>\nEev BIM\/BOS puppie<br \/>\nJudge:\u00a0SANCHEZ JAVIER<br \/>\n*<\/h4>\n<h4 style=\"text-align: center;\">Tirith BIR\/BOB and Best veteran!<br \/>\nJudge Espen Engh, Norway<br \/>\n*<\/h4>\n<h4 style=\"text-align: center;\">Xanni BIR\/BOB Cert CACIB CHAMPION!!!!<br \/>\nJudge Marija Kavcic<\/h4>\n<hr style=\"width: 500px;\" width=\"500\" \/>\n<h4 style=\"text-align: center;\">12\/4 Avesta.<\/h4>\n<h4 style=\"text-align: center;\">E\u00e9v har nu varit p\u00e5 sin f\u00f6rsta utst\u00e4llning och blev BIM mot sin bror!<br \/>\nHon sk\u00f6tte sig utm\u00e4rkt och jag var s\u00e5 stolt!<br \/>\n<a href=\"http:\/\/ghazoot.se\/wp-content\/uploads\/2014\/03\/eev_5_man1.gif\"><img loading=\"lazy\" decoding=\"async\" class=\"alignnone wp-image-1354 size-medium\" src=\"http:\/\/ghazoot.se\/wp-content\/uploads\/2014\/03\/eev_5_man1-300x256.gif\" alt=\"eev_5_man1\" width=\"300\" height=\"256\" \/><\/a><\/h4>\n<hr style=\"width: 500px;\" width=\"500\" \/>\n<h4 style=\"text-align: center;\">17 Mars Borl\u00e4nge<\/h4>\n<h4 style=\"text-align: center;\">Tirith Dalarnas vackraste veteran 2007!!!<\/h4>\n<h4 style=\"text-align: center;\">Tirith most beautiful veteran in Dalarna!<br \/>\nDomare\/Judge Hans Almgren<br \/>\nBIS 2 Norduch Intuch Nuch NV-04 LPII Woodlooks Zatizfaction!<br \/>\nN\u00e4st vackraste Veteran i Dalarna 2007!! \u00c4g. Katarina R\u00e4nssi<br \/>\n<a href=\"http:\/\/ghazoot.se\/wp-content\/uploads\/2014\/03\/bis_vet_dvh08.jpg\"><img loading=\"lazy\" decoding=\"async\" class=\"alignnone wp-image-1341 size-medium\" src=\"http:\/\/ghazoot.se\/wp-content\/uploads\/2014\/03\/bis_vet_dvh08-300x187.jpg\" alt=\"bis_vet_dvh08\" width=\"300\" height=\"187\" srcset=\"https:\/\/ghazoot.se\/wp-content\/uploads\/2014\/03\/bis_vet_dvh08-300x187.jpg 300w, https:\/\/ghazoot.se\/wp-content\/uploads\/2014\/03\/bis_vet_dvh08.jpg 500w\" sizes=\"auto, (max-width: 300px) 100vw, 300px\" \/><\/a><\/h4>\n<hr style=\"width: 500px;\" width=\"500\" \/>\n<h4 style=\"text-align: center;\">Januari<\/h4>\n<h4 style=\"text-align: center;\">Phancy (Tiriths dauther in USA)<br \/>\nhad her debut weekend in agility on Thursday &amp; Friday.<br \/>\nShe had a wonderful time and did so well!<br \/>\nWe qualified in our jumpers run on Thursday and a Standard run on Friday.<\/h4>\n<h4 style=\"text-align: center;\">Here can you see her on agility!<br \/>\n4 Januari G\u00f6teborg<br \/>\n\u00c5ret spurtade ig\u00e5ng med Elin &amp; Stefans Ch Ghazoot Al Ariiz, Zion,<br \/>\nsom blev BIM\/BOS &amp; SV-2008 p\u00e5 \u00e5rets f\u00f6rsta utst\u00e4llning!!<br \/>\nGrattis!<br \/>\n<a href=\"http:\/\/ghazoot.se\/wp-content\/uploads\/2014\/03\/bir-o-bim-sloughi.jpg\"><img loading=\"lazy\" decoding=\"async\" class=\"alignnone wp-image-1346 size-medium\" src=\"http:\/\/ghazoot.se\/wp-content\/uploads\/2014\/03\/bir-o-bim-sloughi-300x180.jpg\" alt=\"bir-o-bim-sloughi\" width=\"300\" height=\"180\" srcset=\"https:\/\/ghazoot.se\/wp-content\/uploads\/2014\/03\/bir-o-bim-sloughi-300x180.jpg 300w, https:\/\/ghazoot.se\/wp-content\/uploads\/2014\/03\/bir-o-bim-sloughi.jpg 450w\" sizes=\"auto, (max-width: 300px) 100vw, 300px\" \/><\/a><\/h4>\n<h4 style=\"text-align: center;\">Domare: Kurt Nilsson<br \/>\nFoto Stefan Rose<\/h4>\n","protected":false},"excerpt":{"rendered":"<p>Sundsvall 11 okt SKK Int. Xanni BIR\/BOB CACIB Domare \/ judge Eva Ekstam \u00a0Eev BIM\/Best female Cert \/ CC Domare \/ judge Petter Fodstad, Norge \u00a0B\u00f6da \u00d6land 2008-09-06 WW-08 Ch Xanni BIR\/BOB Ch Ghania 2 bt \/ 2 best bitch * 2008-09-06\u00a0H\u00f6gbobruk Eev 2 bt\/2 bf Cert (52 i rasen!!) Eev 10 M\u00e5n\/month Foto: Sara [&hellip;]<\/p>\n","protected":false},"author":1,"featured_media":0,"parent":0,"menu_order":0,"comment_status":"closed","ping_status":"open","template":"","meta":{"footnotes":""},"class_list":["post-950","page","type-page","status-publish","hentry"],"_links":{"self":[{"href":"https:\/\/ghazoot.se\/index.php?rest_route=\/wp\/v2\/pages\/950","targetHints":{"allow":["GET"]}}],"collection":[{"href":"https:\/\/ghazoot.se\/index.php?rest_route=\/wp\/v2\/pages"}],"about":[{"href":"https:\/\/ghazoot.se\/index.php?rest_route=\/wp\/v2\/types\/page"}],"author":[{"embeddable":true,"href":"https:\/\/ghazoot.se\/index.php?rest_route=\/wp\/v2\/users\/1"}],"replies":[{"embeddable":true,"href":"https:\/\/ghazoot.se\/index.php?rest_route=%2Fwp%2Fv2%2Fcomments&post=950"}],"version-history":[{"count":9,"href":"https:\/\/ghazoot.se\/index.php?rest_route=\/wp\/v2\/pages\/950\/revisions"}],"predecessor-version":[{"id":4374,"href":"https:\/\/ghazoot.se\/index.php?rest_route=\/wp\/v2\/pages\/950\/revisions\/4374"}],"wp:attachment":[{"href":"https:\/\/ghazoot.se\/index.php?rest_route=%2Fwp%2Fv2%2Fmedia&parent=950"}],"curies":[{"name":"wp","href":"https:\/\/api.w.org\/{rel}","templated":true}]}}